{"id":1355,"date":"2019-09-30T12:22:16","date_gmt":"2019-09-30T09:22:16","guid":{"rendered":"http:\/\/kiras.lt\/?page_id=1355"},"modified":"2023-09-16T13:15:16","modified_gmt":"2023-09-16T10:15:16","slug":"fransize","status":"publish","type":"page","link":"https:\/\/kiras.lt\/en\/kavines\/fransize\/","title":{"rendered":"Franchise"},"content":{"rendered":"<p><span style=\"font-weight: 400;\">CHAIKA is a concept of a new generation of word Caf\u00e9. It is a Caf\u00e9, Tea room, vegan desert and snack spot in one place. Freshly roasted high quality coffee; wide, high quality and original tea blend selection in simple but smart approach, original vegan desserts and snacks, cozy, colorful and quirky interior, reused things, good music (jazz, soul, 50\u2019s, 60\u2019s) and always warm welcome is what describes CHAIKA best.<\/span><\/p>\n<p><span style=\"font-weight: 400;\">\u00a0\u00a0\u00a0\u00a0\u00a0\u00a0\u00a0\u00a0\u00a0\u00a0\u00a0\u00a0\u00a0\u00a0\u00a0\u00a0\u00a0\u00a0<\/span><\/p>\n<p><span style=\"font-weight: 400;\">Business idea is simple \u2013 to be the daily pit-stop for people to have their coffee, tea, sweeten their lives with some delicious cruelty free deserts, or have a snack to refuel themselves in those busy days. CHAIKA is a cozy place for a meeting or conversation with a friend. Our aim is to be the place for everyone \u2013 doesn\u2019t matter is it a banker or a student.<\/span><\/p>\n<p><span style=\"font-weight: 400;\">\u00a0\u00a0\u00a0\u00a0\u00a0\u00a0\u00a0\u00a0\u00a0\u00a0\u00a0\u00a0\u00a0\u00a0\u00a0\u00a0\u00a0\u00a0<\/span><\/p>\n<p><span style=\"font-weight: 400;\">\u00a0\u00a0\u00a0\u00a0\u00a0\u00a0\u00a0\u00a0\u00a0\u00a0\u00a0\u00a0\u00a0\u00a0\u00a0\u00a0\u00a0\u00a0<\/span> <span style=\"font-weight: 400;\">CHAIKA was established by a couple Ona and Adomas who later become wife and husband. At first CHAIKA was a small independent tea room with exceptional interior. Year by year they developed CHAIKA\u2019s concept to its now days form, started to make their own vegan cakes and snacks (created original recipes), polished tea and coffee menu. Ona now is main chef in CHAIKA bakery and Adomas, having a background of management is a general manager, who does not miss a chance to work as a barista some times.<\/span><\/p>\n<p><b>\u00a0<\/b><\/p>\n<p><b>\u00a0\u00a0\u00a0\u00a0\u00a0\u00a0\u00a0\u00a0\u00a0\u00a0\u00a0\u00a0\u00a0\u00a0\u00a0\u00a0\u00a0\u00a0<\/b> <span style=\"font-weight: 400;\">CHAIKA is 90% vegan caf\u00e9 and has a flexibility to meet the needs of many different people with their different eating habits, allergies, diets, religions and etc. We offer a possibility to discover vegan desserts and snacks and prove that they can be as good as non-vegan and even better. CHAIKA\u2019s philosophy is quality first no matter what and of course everything has to taste really good! We use only natural, high quality ingredients for all our products. We created our original tea blends, selected coffee recipes, even our colorful cake decorations are plant based and natural!<\/span><\/p>\n<p><b>\u00a0<\/b><\/p>\n<p><b>\u00a0\u00a0\u00a0\u00a0\u00a0\u00a0\u00a0\u00a0\u00a0\u00a0\u00a0\u00a0\u00a0\u00a0\u00a0\u00a0\u00a0\u00a0<\/b> <span style=\"font-weight: 400;\">Why you should became o part of CHAIKA? Because it is a trendy and innovative Caf\u00e9 model. Because this concept is really original as well as universal and has a huge potential to become a well known brand all over the world. Because this business is caring, sustainable and sincere. We care for our planet and for our customers. We believe, that CHAIKA\u2019s desserts are worth to be known globally.\u00a0<\/span><\/p>\n<p><span style=\"font-weight: 400;\">\u00a0<\/span><\/p>\n<p><b>\u00a0\u00a0\u00a0\u00a0\u00a0\u00a0\u00a0\u00a0\u00a0\u00a0\u00a0\u00a0\u00a0\u00a0\u00a0\u00a0\u00a0\u00a0<\/b> <span style=\"font-weight: 400;\">For CHAIKA franchise we are looking for willing, seriously minded partners, who have a strong will to work in a place that they love and are proud of. They should really care for a sustainable and respectable development and growth of CHAIKA brand. Partners should sympathize to our ideas and look at the whole image of business not only at bare numbers. We offer a modern and profitable business model for those who are not afraid to work hard and believe in what they do. And those will definitely be rewarded with a success!<\/span><\/p>\n<p><span style=\"font-weight: 400;\">\u00a0<\/span><\/p>\n<p>&nbsp;<\/p>\n<p><span style=\"font-weight: 400;\">\u00a0<\/span><\/p>\n<ol start=\"2\">\n<li><span style=\"font-weight: 400;\"> What is <\/span><b>CHAIKA<\/b><span style=\"font-weight: 400;\"> business<\/span><\/li>\n<\/ol>\n<p><span style=\"font-weight: 400;\">\u00a0<\/span><\/p>\n<p><b><i>CHAIKA<\/i><\/b><span style=\"font-weight: 400;\"> &#8211; is a caf\u00e9, tea room and vegan bakery. It\u2019s special atmosphere filled with jazz, cosines, laughter, chatting and colorful retro interior. There you can drink a cup of freshly roasted coffee or one of many original teas, have a piece of vegan cake or delicious hot sandwich. We have sweets and snacks for every life occasion!<\/span><\/p>\n<p><span style=\"font-weight: 400;\">\u00a0\u00a0\u00a0\u00a0\u00a0\u00a0\u00a0\u00a0\u00a0\u00a0\u00a0\u00a0\u00a0\u00a0\u00a0\u00a0\u00a0\u00a0<\/span> <span style=\"font-weight: 400;\">At the moment there is one caf\u00e9 operating in the center of Vilnius and a production shop more remote (to save on lending money).<\/span><\/p>\n<p><span style=\"font-weight: 400;\">CHAIKA business is providing people with good interesting and high quality drinks, cakes and snacks, suitable for various eating diets, for example: vegetarian, vegan, gluten free. Under the CHAIKA brand we have our own drinks recipes, our own vegan cakes and snacks recipes, line of 10 kinds of tea blends for house use including our famous blue tea with cinnamon. Having own production line as well as drink selection it allows us to maintain a high quality and create a higher added value. Another source of revenue is sales of whole cakes \u2013 getting orders and preparing cakes for special occasions: birthdays, parties, corporate meetings and many more. Moreover, we collaborate with small local suppliers to have a unique, nice and healthy goods at our shop.<\/span><\/p>\n<p><span style=\"font-weight: 400;\">\u00a0\u00a0\u00a0\u00a0\u00a0\u00a0\u00a0\u00a0\u00a0\u00a0\u00a0\u00a0\u00a0\u00a0\u00a0\u00a0\u00a0\u00a0<\/span> <span style=\"font-weight: 400;\">CHAIKA does not need large premises as 20\/30% of sales are for take away. For a cozy caf\u00e9 without production it is possible to have premises from 40 up to 70 square meters. If opening CHAIKA with a production shop, you should add at least 30-40 square meters of premises. It depends on scale of production \u2013 if you want to open 2-5 cafes, production shop should be at least 100 sq. m. big.<\/span><\/p>\n<p><span style=\"font-weight: 400;\">\u00a0\u00a0\u00a0\u00a0\u00a0\u00a0\u00a0\u00a0\u00a0\u00a0\u00a0\u00a0\u00a0\u00a0\u00a0\u00a0\u00a0\u00a0<\/span> <span style=\"font-weight: 400;\">CHAIKA\u2019s products are quite exclusive, so it is not necessary to have a caf\u00e9 in the very center of a city or a super market. Our clients are tend to take a short step sideways to come to CHAIKA. Not too far of course.<\/span><\/p>\n<p>&nbsp;<\/p>\n<p><span style=\"font-weight: 400;\">\u00a0<\/span><\/p>\n<ol start=\"3\">\n<li><span style=\"font-weight: 400;\"> Why choose <\/span><b>CHAIKA<\/b><span style=\"font-weight: 400;\"> franchise?<\/span><\/li>\n<\/ol>\n<p><span style=\"font-weight: 400;\">The following points are the individual aspects of<\/span><b><i> CHAIKA<\/i><\/b><span style=\"font-weight: 400;\">, which demonstrate a strong potential for franchising:<\/span><\/p>\n<ul>\n<li style=\"font-weight: 400;\"><span style=\"font-weight: 400;\">Successfully operating unit in Vilnius for 5 years;<\/span><\/li>\n<li style=\"font-weight: 400;\"><span style=\"font-weight: 400;\">Profitable business model;<\/span><\/li>\n<li style=\"font-weight: 400;\"><span style=\"font-weight: 400;\">8 &#8211; 12 month payback period;<\/span><\/li>\n<li style=\"font-weight: 400;\"><span style=\"font-weight: 400;\">Well organized business model (working as a system);<\/span><\/li>\n<li style=\"font-weight: 400;\"><span style=\"font-weight: 400;\">Unique selling point &#8211; veganism, which is a rapidly growing movement worldwide;<\/span><\/li>\n<li style=\"font-weight: 400;\"><span style=\"font-weight: 400;\">Unique recipes of drinks;<\/span><\/li>\n<li style=\"font-weight: 400;\"><span style=\"font-weight: 400;\">Unique recipes of vegan cakes and snacks;<\/span><\/li>\n<li style=\"font-weight: 400;\"><span style=\"font-weight: 400;\">Brand is getting more and more known in Lithuania;<\/span><\/li>\n<li style=\"font-weight: 400;\"><span style=\"font-weight: 400;\">Very good reputation and high ratings on Facebook, Google business and Tripadvisor.com (certificate of excellence) websites.<\/span><\/li>\n<li style=\"font-weight: 400;\"><span style=\"font-weight: 400;\">Pleasure working in such a business, when you can be absolutely honest with your customers and to be proud of your products;<\/span><\/li>\n<li style=\"font-weight: 400;\"><span style=\"font-weight: 400;\">Unique type of caf\u00e9 \u2013 universal model between tea room and a caf\u00e9 \u2013 to have both groups of customers: those who are into tea and those who are into coffee.<\/span><\/li>\n<li style=\"font-weight: 400;\"><span style=\"font-weight: 400;\">Noticeable and exceptional interior: colorful, cozy and with reused decorations, which is the reference of eco-friendly attitude and responsible ideas.<\/span><\/li>\n<\/ul>\n<p><\/p>","protected":false},"excerpt":{"rendered":"<p>CHAIKA is a concept of a new generation of word Caf\u00e9. It is a Caf\u00e9, Tea room, vegan desert and snack spot in one place. Freshly roasted high quality coffee; wide, high quality and original tea blend selection in simple but smart approach, original vegan desserts and snacks, cozy, colorful and quirky interior, reused things, [&hellip;]<\/p>\n","protected":false},"author":1,"featured_media":0,"parent":1353,"menu_order":0,"comment_status":"closed","ping_status":"closed","template":"","meta":{"_acf_changed":false,"footnotes":""},"class_list":["post-1355","page","type-page","status-publish","hentry"],"acf":[],"yoast_head":"<!-- This site is optimized with the Yoast SEO plugin v26.8 - https:\/\/yoast.com\/product\/yoast-seo-wordpress\/ -->\n<title>Franchise - Kiras<\/title>\n<meta name=\"robots\" content=\"index, follow, max-snippet:-1, max-image-preview:large, max-video-preview:-1\" \/>\n<link rel=\"canonical\" href=\"https:\/\/kiras.lt\/kavines\/fransize\/\" \/>\n<meta property=\"og:locale\" content=\"en_US\" \/>\n<meta property=\"og:type\" content=\"article\" \/>\n<meta property=\"og:title\" content=\"[:lt]Kavini\u0173 KIRAS fran\u0161iz\u0117[:en]Franchise[:] - Kiras\" \/>\n<meta property=\"og:description\" content=\"CHAIKA is a concept of a new generation of word Caf\u00e9. It is a Caf\u00e9, Tea room, vegan desert and snack spot in one place. Freshly roasted high quality coffee; wide, high quality and original tea blend selection in simple but smart approach, original vegan desserts and snacks, cozy, colorful and quirky interior, reused things, [&hellip;]\" \/>\n<meta property=\"og:url\" content=\"https:\/\/kiras.lt\/kavines\/fransize\/\" \/>\n<meta property=\"og:site_name\" content=\"Kiras\" \/>\n<meta property=\"article:publisher\" content=\"https:\/\/www.facebook.com\/cafekiras\" \/>\n<meta property=\"article:modified_time\" content=\"2023-09-16T10:15:16+00:00\" \/>\n<meta property=\"og:image\" content=\"https:\/\/kiras.lt\/wp-content\/uploads\/2023\/08\/kiras.lt-logo.jpg\" \/>\n\t<meta property=\"og:image:width\" content=\"2555\" \/>\n\t<meta property=\"og:image:height\" content=\"2020\" \/>\n\t<meta property=\"og:image:type\" content=\"image\/jpeg\" \/>\n<meta name=\"twitter:card\" content=\"summary_large_image\" \/>\n<meta name=\"twitter:label1\" content=\"Est. reading time\" \/>\n\t<meta name=\"twitter:data1\" content=\"11 minutes\" \/>\n<script type=\"application\/ld+json\" class=\"yoast-schema-graph\">{\"@context\":\"https:\/\/schema.org\",\"@graph\":[{\"@type\":\"WebPage\",\"@id\":\"https:\/\/kiras.lt\/kavines\/fransize\/\",\"url\":\"https:\/\/kiras.lt\/kavines\/fransize\/\",\"name\":\"[:lt]Kavini\u0173 KIRAS fran\u0161iz\u0117[:en]Franchise[:] - Kiras\",\"isPartOf\":{\"@id\":\"https:\/\/kiras.lt\/#website\"},\"datePublished\":\"2019-09-30T09:22:16+00:00\",\"dateModified\":\"2023-09-16T10:15:16+00:00\",\"breadcrumb\":{\"@id\":\"https:\/\/kiras.lt\/kavines\/fransize\/#breadcrumb\"},\"inLanguage\":\"en-US\",\"potentialAction\":[{\"@type\":\"ReadAction\",\"target\":[\"https:\/\/kiras.lt\/kavines\/fransize\/\"]}]},{\"@type\":\"BreadcrumbList\",\"@id\":\"https:\/\/kiras.lt\/kavines\/fransize\/#breadcrumb\",\"itemListElement\":[{\"@type\":\"ListItem\",\"position\":1,\"name\":\"Titulinis\",\"item\":\"https:\/\/kiras.lt\/\"},{\"@type\":\"ListItem\",\"position\":2,\"name\":\"Kavin\u0117s\",\"item\":\"https:\/\/kiras.lt\/kavines\/\"},{\"@type\":\"ListItem\",\"position\":3,\"name\":\"Kavini\u0173 KIRAS fran\u0161iz\u0117\"}]},{\"@type\":\"WebSite\",\"@id\":\"https:\/\/kiras.lt\/#website\",\"url\":\"https:\/\/kiras.lt\/\",\"name\":\"Kiras\",\"description\":\"Cafe and vegan bakery\",\"publisher\":{\"@id\":\"https:\/\/kiras.lt\/#organization\"},\"alternateName\":\"Kiras - Kavin\u0117s ir vegani\u0161k\u0173 desert\u0173 kepykl\u0117l\u0117s\",\"potentialAction\":[{\"@type\":\"SearchAction\",\"target\":{\"@type\":\"EntryPoint\",\"urlTemplate\":\"https:\/\/kiras.lt\/?s={search_term_string}\"},\"query-input\":{\"@type\":\"PropertyValueSpecification\",\"valueRequired\":true,\"valueName\":\"search_term_string\"}}],\"inLanguage\":\"en-US\"},{\"@type\":\"Organization\",\"@id\":\"https:\/\/kiras.lt\/#organization\",\"name\":\"Kiras\",\"url\":\"https:\/\/kiras.lt\/\",\"logo\":{\"@type\":\"ImageObject\",\"inLanguage\":\"en-US\",\"@id\":\"https:\/\/kiras.lt\/#\/schema\/logo\/image\/\",\"url\":\"https:\/\/kiras.lt\/wp-content\/uploads\/2023\/08\/kiras.lt-logo.jpg\",\"contentUrl\":\"https:\/\/kiras.lt\/wp-content\/uploads\/2023\/08\/kiras.lt-logo.jpg\",\"width\":2555,\"height\":2020,\"caption\":\"Kiras\"},\"image\":{\"@id\":\"https:\/\/kiras.lt\/#\/schema\/logo\/image\/\"},\"sameAs\":[\"https:\/\/www.facebook.com\/cafekiras\",\"https:\/\/www.instagram.com\/kiras.vilnius\/\"]}]}<\/script>\n<!-- \/ Yoast SEO plugin. -->","yoast_head_json":{"title":"[:lt]Kavini\u0173 KIRAS fran\u0161iz\u0117[:en]Franchise[:] - Kiras","robots":{"index":"index","follow":"follow","max-snippet":"max-snippet:-1","max-image-preview":"max-image-preview:large","max-video-preview":"max-video-preview:-1"},"canonical":"https:\/\/kiras.lt\/kavines\/fransize\/","og_locale":"en_US","og_type":"article","og_title":"[:lt]Kavini\u0173 KIRAS fran\u0161iz\u0117[:en]Franchise[:] - Kiras","og_description":"CHAIKA is a concept of a new generation of word Caf\u00e9. It is a Caf\u00e9, Tea room, vegan desert and snack spot in one place. Freshly roasted high quality coffee; wide, high quality and original tea blend selection in simple but smart approach, original vegan desserts and snacks, cozy, colorful and quirky interior, reused things, [&hellip;]","og_url":"https:\/\/kiras.lt\/kavines\/fransize\/","og_site_name":"Kiras","article_publisher":"https:\/\/www.facebook.com\/cafekiras","article_modified_time":"2023-09-16T10:15:16+00:00","og_image":[{"width":2555,"height":2020,"url":"https:\/\/kiras.lt\/wp-content\/uploads\/2023\/08\/kiras.lt-logo.jpg","type":"image\/jpeg"}],"twitter_card":"summary_large_image","twitter_misc":{"Est. reading time":"11 minutes"},"schema":{"@context":"https:\/\/schema.org","@graph":[{"@type":"WebPage","@id":"https:\/\/kiras.lt\/kavines\/fransize\/","url":"https:\/\/kiras.lt\/kavines\/fransize\/","name":"[:lt]Kavini\u0173 KIRAS fran\u0161iz\u0117[:en]Franchise[:] - Kiras","isPartOf":{"@id":"https:\/\/kiras.lt\/#website"},"datePublished":"2019-09-30T09:22:16+00:00","dateModified":"2023-09-16T10:15:16+00:00","breadcrumb":{"@id":"https:\/\/kiras.lt\/kavines\/fransize\/#breadcrumb"},"inLanguage":"en-US","potentialAction":[{"@type":"ReadAction","target":["https:\/\/kiras.lt\/kavines\/fransize\/"]}]},{"@type":"BreadcrumbList","@id":"https:\/\/kiras.lt\/kavines\/fransize\/#breadcrumb","itemListElement":[{"@type":"ListItem","position":1,"name":"Titulinis","item":"https:\/\/kiras.lt\/"},{"@type":"ListItem","position":2,"name":"Kavin\u0117s","item":"https:\/\/kiras.lt\/kavines\/"},{"@type":"ListItem","position":3,"name":"Kavini\u0173 KIRAS fran\u0161iz\u0117"}]},{"@type":"WebSite","@id":"https:\/\/kiras.lt\/#website","url":"https:\/\/kiras.lt\/","name":"Kiras","description":"Cafe and vegan bakery","publisher":{"@id":"https:\/\/kiras.lt\/#organization"},"alternateName":"Kiras - Kavin\u0117s ir vegani\u0161k\u0173 desert\u0173 kepykl\u0117l\u0117s","potentialAction":[{"@type":"SearchAction","target":{"@type":"EntryPoint","urlTemplate":"https:\/\/kiras.lt\/?s={search_term_string}"},"query-input":{"@type":"PropertyValueSpecification","valueRequired":true,"valueName":"search_term_string"}}],"inLanguage":"en-US"},{"@type":"Organization","@id":"https:\/\/kiras.lt\/#organization","name":"Kiras","url":"https:\/\/kiras.lt\/","logo":{"@type":"ImageObject","inLanguage":"en-US","@id":"https:\/\/kiras.lt\/#\/schema\/logo\/image\/","url":"https:\/\/kiras.lt\/wp-content\/uploads\/2023\/08\/kiras.lt-logo.jpg","contentUrl":"https:\/\/kiras.lt\/wp-content\/uploads\/2023\/08\/kiras.lt-logo.jpg","width":2555,"height":2020,"caption":"Kiras"},"image":{"@id":"https:\/\/kiras.lt\/#\/schema\/logo\/image\/"},"sameAs":["https:\/\/www.facebook.com\/cafekiras","https:\/\/www.instagram.com\/kiras.vilnius\/"]}]}},"_links":{"self":[{"href":"https:\/\/kiras.lt\/en\/wp-json\/wp\/v2\/pages\/1355","targetHints":{"allow":["GET"]}}],"collection":[{"href":"https:\/\/kiras.lt\/en\/wp-json\/wp\/v2\/pages"}],"about":[{"href":"https:\/\/kiras.lt\/en\/wp-json\/wp\/v2\/types\/page"}],"author":[{"embeddable":true,"href":"https:\/\/kiras.lt\/en\/wp-json\/wp\/v2\/users\/1"}],"replies":[{"embeddable":true,"href":"https:\/\/kiras.lt\/en\/wp-json\/wp\/v2\/comments?post=1355"}],"version-history":[{"count":3,"href":"https:\/\/kiras.lt\/en\/wp-json\/wp\/v2\/pages\/1355\/revisions"}],"predecessor-version":[{"id":2495,"href":"https:\/\/kiras.lt\/en\/wp-json\/wp\/v2\/pages\/1355\/revisions\/2495"}],"up":[{"embeddable":true,"href":"https:\/\/kiras.lt\/en\/wp-json\/wp\/v2\/pages\/1353"}],"wp:attachment":[{"href":"https:\/\/kiras.lt\/en\/wp-json\/wp\/v2\/media?parent=1355"}],"curies":[{"name":"wp","href":"https:\/\/api.w.org\/{rel}","templated":true}]}}