{"id":236,"date":"2015-11-01T20:10:02","date_gmt":"2015-11-01T18:10:02","guid":{"rendered":"http:\/\/kiras.lt\/?page_id=236"},"modified":"2023-09-12T17:48:09","modified_gmt":"2023-09-12T14:48:09","slug":"atsiskaitymo-budai","status":"publish","type":"page","link":"https:\/\/kiras.lt\/en\/parduotuve\/atsiskaitymo-budai\/","title":{"rendered":"Payment methods"},"content":{"rendered":"<p>We accept payments via Paysera system. Just choose your bank or the most convenient payment method and proceed with the payment. After receiving the money to our accounts, we immediately proceed with your order.<\/p>\n<p><img loading=\"lazy\" decoding=\"async\" class=\"alignnone wp-image-22 size-medium\" src=\"http:\/\/kiras.lt\/wp-content\/uploads\/2015\/07\/091-300x200.jpg\" alt=\"091\" width=\"300\" height=\"200\" srcset=\"https:\/\/kiras.lt\/wp-content\/uploads\/2015\/07\/091-300x200.jpg 300w, https:\/\/kiras.lt\/wp-content\/uploads\/2015\/07\/091-1024x683.jpg 1024w, https:\/\/kiras.lt\/wp-content\/uploads\/2015\/07\/091-768x512.jpg 768w, https:\/\/kiras.lt\/wp-content\/uploads\/2015\/07\/091-1536x1024.jpg 1536w, https:\/\/kiras.lt\/wp-content\/uploads\/2015\/07\/091-2048x1365.jpg 2048w, https:\/\/kiras.lt\/wp-content\/uploads\/2015\/07\/091-1620x1080.jpg 1620w, https:\/\/kiras.lt\/wp-content\/uploads\/2015\/07\/091-352x235.jpg 352w, https:\/\/kiras.lt\/wp-content\/uploads\/2015\/07\/091-600x400.jpg 600w\" sizes=\"auto, (max-width: 300px) 100vw, 300px\" \/><\/p>","protected":false},"excerpt":{"rendered":"<p>We accept payments via Paysera system. Just choose your bank or the most convenient payment method and proceed with the payment. After receiving the money to our accounts, we immediately proceed with your order.<\/p>\n","protected":false},"author":1,"featured_media":0,"parent":76,"menu_order":3,"comment_status":"closed","ping_status":"closed","template":"","meta":{"_acf_changed":false,"footnotes":""},"class_list":["post-236","page","type-page","status-publish","hentry"],"acf":[],"yoast_head":"<!-- This site is optimized with the Yoast SEO plugin v26.8 - https:\/\/yoast.com\/product\/yoast-seo-wordpress\/ -->\n<title>Payment methods - Kiras<\/title>\n<meta name=\"robots\" content=\"index, follow, max-snippet:-1, max-image-preview:large, max-video-preview:-1\" \/>\n<link rel=\"canonical\" href=\"https:\/\/kiras.lt\/parduotuve\/atsiskaitymo-budai\/\" \/>\n<meta property=\"og:locale\" content=\"en_US\" \/>\n<meta property=\"og:type\" content=\"article\" \/>\n<meta property=\"og:title\" content=\"[:lt]Atsiskaitymo b\u016bdai[:en]Payment methods[:] - Kiras\" \/>\n<meta property=\"og:description\" content=\"We accept payments via Paysera system. Just choose your bank or the most convenient payment method and proceed with the payment. After receiving the money to our accounts, we immediately proceed with your order.\" \/>\n<meta property=\"og:url\" content=\"https:\/\/kiras.lt\/parduotuve\/atsiskaitymo-budai\/\" \/>\n<meta property=\"og:site_name\" content=\"Kiras\" \/>\n<meta property=\"article:publisher\" content=\"https:\/\/www.facebook.com\/cafekiras\" \/>\n<meta property=\"article:modified_time\" content=\"2023-09-12T14:48:09+00:00\" \/>\n<meta property=\"og:image\" content=\"http:\/\/kiras.lt\/wp-content\/uploads\/2015\/07\/091-300x200.jpg\" \/>\n<meta name=\"twitter:card\" content=\"summary_large_image\" \/>\n<script type=\"application\/ld+json\" class=\"yoast-schema-graph\">{\"@context\":\"https:\/\/schema.org\",\"@graph\":[{\"@type\":\"WebPage\",\"@id\":\"https:\/\/kiras.lt\/parduotuve\/atsiskaitymo-budai\/\",\"url\":\"https:\/\/kiras.lt\/parduotuve\/atsiskaitymo-budai\/\",\"name\":\"[:lt]Atsiskaitymo b\u016bdai[:en]Payment methods[:] - Kiras\",\"isPartOf\":{\"@id\":\"https:\/\/kiras.lt\/#website\"},\"primaryImageOfPage\":{\"@id\":\"https:\/\/kiras.lt\/parduotuve\/atsiskaitymo-budai\/#primaryimage\"},\"image\":{\"@id\":\"https:\/\/kiras.lt\/parduotuve\/atsiskaitymo-budai\/#primaryimage\"},\"thumbnailUrl\":\"http:\/\/kiras.lt\/wp-content\/uploads\/2015\/07\/091-300x200.jpg\",\"datePublished\":\"2015-11-01T18:10:02+00:00\",\"dateModified\":\"2023-09-12T14:48:09+00:00\",\"breadcrumb\":{\"@id\":\"https:\/\/kiras.lt\/parduotuve\/atsiskaitymo-budai\/#breadcrumb\"},\"inLanguage\":\"en-US\",\"potentialAction\":[{\"@type\":\"ReadAction\",\"target\":[\"https:\/\/kiras.lt\/parduotuve\/atsiskaitymo-budai\/\"]}]},{\"@type\":\"ImageObject\",\"inLanguage\":\"en-US\",\"@id\":\"https:\/\/kiras.lt\/parduotuve\/atsiskaitymo-budai\/#primaryimage\",\"url\":\"http:\/\/kiras.lt\/wp-content\/uploads\/2015\/07\/091-300x200.jpg\",\"contentUrl\":\"http:\/\/kiras.lt\/wp-content\/uploads\/2015\/07\/091-300x200.jpg\"},{\"@type\":\"BreadcrumbList\",\"@id\":\"https:\/\/kiras.lt\/parduotuve\/atsiskaitymo-budai\/#breadcrumb\",\"itemListElement\":[{\"@type\":\"ListItem\",\"position\":1,\"name\":\"Titulinis\",\"item\":\"https:\/\/kiras.lt\/\"},{\"@type\":\"ListItem\",\"position\":2,\"name\":\"Parduotuv\u0117\",\"item\":\"https:\/\/kiras.lt\/parduotuve\/\"},{\"@type\":\"ListItem\",\"position\":3,\"name\":\"Atsiskaitymo b\u016bdai\"}]},{\"@type\":\"WebSite\",\"@id\":\"https:\/\/kiras.lt\/#website\",\"url\":\"https:\/\/kiras.lt\/\",\"name\":\"Kiras\",\"description\":\"Cafe and vegan bakery\",\"publisher\":{\"@id\":\"https:\/\/kiras.lt\/#organization\"},\"alternateName\":\"Kiras - Kavin\u0117s ir vegani\u0161k\u0173 desert\u0173 kepykl\u0117l\u0117s\",\"potentialAction\":[{\"@type\":\"SearchAction\",\"target\":{\"@type\":\"EntryPoint\",\"urlTemplate\":\"https:\/\/kiras.lt\/?s={search_term_string}\"},\"query-input\":{\"@type\":\"PropertyValueSpecification\",\"valueRequired\":true,\"valueName\":\"search_term_string\"}}],\"inLanguage\":\"en-US\"},{\"@type\":\"Organization\",\"@id\":\"https:\/\/kiras.lt\/#organization\",\"name\":\"Kiras\",\"url\":\"https:\/\/kiras.lt\/\",\"logo\":{\"@type\":\"ImageObject\",\"inLanguage\":\"en-US\",\"@id\":\"https:\/\/kiras.lt\/#\/schema\/logo\/image\/\",\"url\":\"https:\/\/kiras.lt\/wp-content\/uploads\/2023\/08\/kiras.lt-logo.jpg\",\"contentUrl\":\"https:\/\/kiras.lt\/wp-content\/uploads\/2023\/08\/kiras.lt-logo.jpg\",\"width\":2555,\"height\":2020,\"caption\":\"Kiras\"},\"image\":{\"@id\":\"https:\/\/kiras.lt\/#\/schema\/logo\/image\/\"},\"sameAs\":[\"https:\/\/www.facebook.com\/cafekiras\",\"https:\/\/www.instagram.com\/kiras.vilnius\/\"]}]}<\/script>\n<!-- \/ Yoast SEO plugin. -->","yoast_head_json":{"title":"[:lt]Atsiskaitymo b\u016bdai[:en]Payment methods[:] - Kiras","robots":{"index":"index","follow":"follow","max-snippet":"max-snippet:-1","max-image-preview":"max-image-preview:large","max-video-preview":"max-video-preview:-1"},"canonical":"https:\/\/kiras.lt\/parduotuve\/atsiskaitymo-budai\/","og_locale":"en_US","og_type":"article","og_title":"[:lt]Atsiskaitymo b\u016bdai[:en]Payment methods[:] - Kiras","og_description":"We accept payments via Paysera system. Just choose your bank or the most convenient payment method and proceed with the payment. After receiving the money to our accounts, we immediately proceed with your order.","og_url":"https:\/\/kiras.lt\/parduotuve\/atsiskaitymo-budai\/","og_site_name":"Kiras","article_publisher":"https:\/\/www.facebook.com\/cafekiras","article_modified_time":"2023-09-12T14:48:09+00:00","og_image":[{"url":"http:\/\/kiras.lt\/wp-content\/uploads\/2015\/07\/091-300x200.jpg","type":"","width":"","height":""}],"twitter_card":"summary_large_image","schema":{"@context":"https:\/\/schema.org","@graph":[{"@type":"WebPage","@id":"https:\/\/kiras.lt\/parduotuve\/atsiskaitymo-budai\/","url":"https:\/\/kiras.lt\/parduotuve\/atsiskaitymo-budai\/","name":"[:lt]Atsiskaitymo b\u016bdai[:en]Payment methods[:] - Kiras","isPartOf":{"@id":"https:\/\/kiras.lt\/#website"},"primaryImageOfPage":{"@id":"https:\/\/kiras.lt\/parduotuve\/atsiskaitymo-budai\/#primaryimage"},"image":{"@id":"https:\/\/kiras.lt\/parduotuve\/atsiskaitymo-budai\/#primaryimage"},"thumbnailUrl":"http:\/\/kiras.lt\/wp-content\/uploads\/2015\/07\/091-300x200.jpg","datePublished":"2015-11-01T18:10:02+00:00","dateModified":"2023-09-12T14:48:09+00:00","breadcrumb":{"@id":"https:\/\/kiras.lt\/parduotuve\/atsiskaitymo-budai\/#breadcrumb"},"inLanguage":"en-US","potentialAction":[{"@type":"ReadAction","target":["https:\/\/kiras.lt\/parduotuve\/atsiskaitymo-budai\/"]}]},{"@type":"ImageObject","inLanguage":"en-US","@id":"https:\/\/kiras.lt\/parduotuve\/atsiskaitymo-budai\/#primaryimage","url":"http:\/\/kiras.lt\/wp-content\/uploads\/2015\/07\/091-300x200.jpg","contentUrl":"http:\/\/kiras.lt\/wp-content\/uploads\/2015\/07\/091-300x200.jpg"},{"@type":"BreadcrumbList","@id":"https:\/\/kiras.lt\/parduotuve\/atsiskaitymo-budai\/#breadcrumb","itemListElement":[{"@type":"ListItem","position":1,"name":"Titulinis","item":"https:\/\/kiras.lt\/"},{"@type":"ListItem","position":2,"name":"Parduotuv\u0117","item":"https:\/\/kiras.lt\/parduotuve\/"},{"@type":"ListItem","position":3,"name":"Atsiskaitymo b\u016bdai"}]},{"@type":"WebSite","@id":"https:\/\/kiras.lt\/#website","url":"https:\/\/kiras.lt\/","name":"Kiras","description":"Cafe and vegan bakery","publisher":{"@id":"https:\/\/kiras.lt\/#organization"},"alternateName":"Kiras - Kavin\u0117s ir vegani\u0161k\u0173 desert\u0173 kepykl\u0117l\u0117s","potentialAction":[{"@type":"SearchAction","target":{"@type":"EntryPoint","urlTemplate":"https:\/\/kiras.lt\/?s={search_term_string}"},"query-input":{"@type":"PropertyValueSpecification","valueRequired":true,"valueName":"search_term_string"}}],"inLanguage":"en-US"},{"@type":"Organization","@id":"https:\/\/kiras.lt\/#organization","name":"Kiras","url":"https:\/\/kiras.lt\/","logo":{"@type":"ImageObject","inLanguage":"en-US","@id":"https:\/\/kiras.lt\/#\/schema\/logo\/image\/","url":"https:\/\/kiras.lt\/wp-content\/uploads\/2023\/08\/kiras.lt-logo.jpg","contentUrl":"https:\/\/kiras.lt\/wp-content\/uploads\/2023\/08\/kiras.lt-logo.jpg","width":2555,"height":2020,"caption":"Kiras"},"image":{"@id":"https:\/\/kiras.lt\/#\/schema\/logo\/image\/"},"sameAs":["https:\/\/www.facebook.com\/cafekiras","https:\/\/www.instagram.com\/kiras.vilnius\/"]}]}},"_links":{"self":[{"href":"https:\/\/kiras.lt\/en\/wp-json\/wp\/v2\/pages\/236","targetHints":{"allow":["GET"]}}],"collection":[{"href":"https:\/\/kiras.lt\/en\/wp-json\/wp\/v2\/pages"}],"about":[{"href":"https:\/\/kiras.lt\/en\/wp-json\/wp\/v2\/types\/page"}],"author":[{"embeddable":true,"href":"https:\/\/kiras.lt\/en\/wp-json\/wp\/v2\/users\/1"}],"replies":[{"embeddable":true,"href":"https:\/\/kiras.lt\/en\/wp-json\/wp\/v2\/comments?post=236"}],"version-history":[{"count":7,"href":"https:\/\/kiras.lt\/en\/wp-json\/wp\/v2\/pages\/236\/revisions"}],"predecessor-version":[{"id":2483,"href":"https:\/\/kiras.lt\/en\/wp-json\/wp\/v2\/pages\/236\/revisions\/2483"}],"up":[{"embeddable":true,"href":"https:\/\/kiras.lt\/en\/wp-json\/wp\/v2\/pages\/76"}],"wp:attachment":[{"href":"https:\/\/kiras.lt\/en\/wp-json\/wp\/v2\/media?parent=236"}],"curies":[{"name":"wp","href":"https:\/\/api.w.org\/{rel}","templated":true}]}}