{"id":238,"date":"2015-11-01T20:12:24","date_gmt":"2015-11-01T18:12:24","guid":{"rendered":"http:\/\/kiras.lt\/?page_id=238"},"modified":"2023-09-15T12:04:31","modified_gmt":"2023-09-15T09:04:31","slug":"salygos-ir-taisykles","status":"publish","type":"page","link":"https:\/\/kiras.lt\/en\/parduotuve\/salygos-ir-taisykles\/","title":{"rendered":"Shipping"},"content":{"rendered":"<p class=\"qtranxs-available-languages-message qtranxs-available-languages-message-en\">Sorry, this entry is only available in <a href=\"https:\/\/kiras.lt\/lt\/wp-json\/wp\/v2\/pages\/238\" class=\"qtranxs-available-language-link qtranxs-available-language-link-lt\" title=\"Lithuanian\">Lithuanian<\/a>.<\/p>","protected":false},"excerpt":{"rendered":"<p>Sorry, this entry is only available in Lithuanian.<\/p>\n","protected":false},"author":1,"featured_media":0,"parent":76,"menu_order":2,"comment_status":"closed","ping_status":"closed","template":"","meta":{"_acf_changed":false,"footnotes":""},"class_list":["post-238","page","type-page","status-publish","hentry"],"acf":[],"yoast_head":"<!-- This site is optimized with the Yoast SEO plugin v26.8 - https:\/\/yoast.com\/product\/yoast-seo-wordpress\/ -->\n<title>Shipping - Kiras<\/title>\n<meta name=\"robots\" content=\"index, follow, max-snippet:-1, max-image-preview:large, max-video-preview:-1\" \/>\n<link rel=\"canonical\" href=\"https:\/\/kiras.lt\/parduotuve\/salygos-ir-taisykles\/\" \/>\n<meta property=\"og:locale\" content=\"en_US\" \/>\n<meta property=\"og:type\" content=\"article\" \/>\n<meta property=\"og:title\" content=\"[:lt]Salygos ir taisykl\u0117s[:en]Shipping[:] - Kiras\" \/>\n<meta property=\"og:description\" content=\"Sorry, this entry is only available in Lithuanian.\" \/>\n<meta property=\"og:url\" content=\"https:\/\/kiras.lt\/parduotuve\/salygos-ir-taisykles\/\" \/>\n<meta property=\"og:site_name\" content=\"Kiras\" \/>\n<meta property=\"article:publisher\" content=\"https:\/\/www.facebook.com\/cafekiras\" \/>\n<meta property=\"article:modified_time\" content=\"2023-09-15T09:04:31+00:00\" \/>\n<meta property=\"og:image\" content=\"https:\/\/kiras.lt\/wp-content\/uploads\/2023\/08\/kiras.lt-logo.jpg\" \/>\n\t<meta property=\"og:image:width\" content=\"2555\" \/>\n\t<meta property=\"og:image:height\" content=\"2020\" \/>\n\t<meta property=\"og:image:type\" content=\"image\/jpeg\" \/>\n<meta name=\"twitter:card\" content=\"summary_large_image\" \/>\n<meta name=\"twitter:label1\" content=\"Est. reading time\" \/>\n\t<meta name=\"twitter:data1\" content=\"14 minutes\" \/>\n<script type=\"application\/ld+json\" class=\"yoast-schema-graph\">{\"@context\":\"https:\/\/schema.org\",\"@graph\":[{\"@type\":\"WebPage\",\"@id\":\"https:\/\/kiras.lt\/parduotuve\/salygos-ir-taisykles\/\",\"url\":\"https:\/\/kiras.lt\/parduotuve\/salygos-ir-taisykles\/\",\"name\":\"[:lt]Salygos ir taisykl\u0117s[:en]Shipping[:] - Kiras\",\"isPartOf\":{\"@id\":\"https:\/\/kiras.lt\/#website\"},\"datePublished\":\"2015-11-01T18:12:24+00:00\",\"dateModified\":\"2023-09-15T09:04:31+00:00\",\"breadcrumb\":{\"@id\":\"https:\/\/kiras.lt\/parduotuve\/salygos-ir-taisykles\/#breadcrumb\"},\"inLanguage\":\"en-US\",\"potentialAction\":[{\"@type\":\"ReadAction\",\"target\":[\"https:\/\/kiras.lt\/parduotuve\/salygos-ir-taisykles\/\"]}]},{\"@type\":\"BreadcrumbList\",\"@id\":\"https:\/\/kiras.lt\/parduotuve\/salygos-ir-taisykles\/#breadcrumb\",\"itemListElement\":[{\"@type\":\"ListItem\",\"position\":1,\"name\":\"Titulinis\",\"item\":\"https:\/\/kiras.lt\/\"},{\"@type\":\"ListItem\",\"position\":2,\"name\":\"Parduotuv\u0117\",\"item\":\"https:\/\/kiras.lt\/parduotuve\/\"},{\"@type\":\"ListItem\",\"position\":3,\"name\":\"Salygos ir taisykl\u0117s\"}]},{\"@type\":\"WebSite\",\"@id\":\"https:\/\/kiras.lt\/#website\",\"url\":\"https:\/\/kiras.lt\/\",\"name\":\"Kiras\",\"description\":\"Cafe and vegan bakery\",\"publisher\":{\"@id\":\"https:\/\/kiras.lt\/#organization\"},\"alternateName\":\"Kiras - Kavin\u0117s ir vegani\u0161k\u0173 desert\u0173 kepykl\u0117l\u0117s\",\"potentialAction\":[{\"@type\":\"SearchAction\",\"target\":{\"@type\":\"EntryPoint\",\"urlTemplate\":\"https:\/\/kiras.lt\/?s={search_term_string}\"},\"query-input\":{\"@type\":\"PropertyValueSpecification\",\"valueRequired\":true,\"valueName\":\"search_term_string\"}}],\"inLanguage\":\"en-US\"},{\"@type\":\"Organization\",\"@id\":\"https:\/\/kiras.lt\/#organization\",\"name\":\"Kiras\",\"url\":\"https:\/\/kiras.lt\/\",\"logo\":{\"@type\":\"ImageObject\",\"inLanguage\":\"en-US\",\"@id\":\"https:\/\/kiras.lt\/#\/schema\/logo\/image\/\",\"url\":\"https:\/\/kiras.lt\/wp-content\/uploads\/2023\/08\/kiras.lt-logo.jpg\",\"contentUrl\":\"https:\/\/kiras.lt\/wp-content\/uploads\/2023\/08\/kiras.lt-logo.jpg\",\"width\":2555,\"height\":2020,\"caption\":\"Kiras\"},\"image\":{\"@id\":\"https:\/\/kiras.lt\/#\/schema\/logo\/image\/\"},\"sameAs\":[\"https:\/\/www.facebook.com\/cafekiras\",\"https:\/\/www.instagram.com\/kiras.vilnius\/\"]}]}<\/script>\n<!-- \/ Yoast SEO plugin. -->","yoast_head_json":{"title":"[:lt]Salygos ir taisykl\u0117s[:en]Shipping[:] - Kiras","robots":{"index":"index","follow":"follow","max-snippet":"max-snippet:-1","max-image-preview":"max-image-preview:large","max-video-preview":"max-video-preview:-1"},"canonical":"https:\/\/kiras.lt\/parduotuve\/salygos-ir-taisykles\/","og_locale":"en_US","og_type":"article","og_title":"[:lt]Salygos ir taisykl\u0117s[:en]Shipping[:] - Kiras","og_description":"Sorry, this entry is only available in Lithuanian.","og_url":"https:\/\/kiras.lt\/parduotuve\/salygos-ir-taisykles\/","og_site_name":"Kiras","article_publisher":"https:\/\/www.facebook.com\/cafekiras","article_modified_time":"2023-09-15T09:04:31+00:00","og_image":[{"width":2555,"height":2020,"url":"https:\/\/kiras.lt\/wp-content\/uploads\/2023\/08\/kiras.lt-logo.jpg","type":"image\/jpeg"}],"twitter_card":"summary_large_image","twitter_misc":{"Est. reading time":"14 minutes"},"schema":{"@context":"https:\/\/schema.org","@graph":[{"@type":"WebPage","@id":"https:\/\/kiras.lt\/parduotuve\/salygos-ir-taisykles\/","url":"https:\/\/kiras.lt\/parduotuve\/salygos-ir-taisykles\/","name":"[:lt]Salygos ir taisykl\u0117s[:en]Shipping[:] - Kiras","isPartOf":{"@id":"https:\/\/kiras.lt\/#website"},"datePublished":"2015-11-01T18:12:24+00:00","dateModified":"2023-09-15T09:04:31+00:00","breadcrumb":{"@id":"https:\/\/kiras.lt\/parduotuve\/salygos-ir-taisykles\/#breadcrumb"},"inLanguage":"en-US","potentialAction":[{"@type":"ReadAction","target":["https:\/\/kiras.lt\/parduotuve\/salygos-ir-taisykles\/"]}]},{"@type":"BreadcrumbList","@id":"https:\/\/kiras.lt\/parduotuve\/salygos-ir-taisykles\/#breadcrumb","itemListElement":[{"@type":"ListItem","position":1,"name":"Titulinis","item":"https:\/\/kiras.lt\/"},{"@type":"ListItem","position":2,"name":"Parduotuv\u0117","item":"https:\/\/kiras.lt\/parduotuve\/"},{"@type":"ListItem","position":3,"name":"Salygos ir taisykl\u0117s"}]},{"@type":"WebSite","@id":"https:\/\/kiras.lt\/#website","url":"https:\/\/kiras.lt\/","name":"Kiras","description":"Cafe and vegan bakery","publisher":{"@id":"https:\/\/kiras.lt\/#organization"},"alternateName":"Kiras - Kavin\u0117s ir vegani\u0161k\u0173 desert\u0173 kepykl\u0117l\u0117s","potentialAction":[{"@type":"SearchAction","target":{"@type":"EntryPoint","urlTemplate":"https:\/\/kiras.lt\/?s={search_term_string}"},"query-input":{"@type":"PropertyValueSpecification","valueRequired":true,"valueName":"search_term_string"}}],"inLanguage":"en-US"},{"@type":"Organization","@id":"https:\/\/kiras.lt\/#organization","name":"Kiras","url":"https:\/\/kiras.lt\/","logo":{"@type":"ImageObject","inLanguage":"en-US","@id":"https:\/\/kiras.lt\/#\/schema\/logo\/image\/","url":"https:\/\/kiras.lt\/wp-content\/uploads\/2023\/08\/kiras.lt-logo.jpg","contentUrl":"https:\/\/kiras.lt\/wp-content\/uploads\/2023\/08\/kiras.lt-logo.jpg","width":2555,"height":2020,"caption":"Kiras"},"image":{"@id":"https:\/\/kiras.lt\/#\/schema\/logo\/image\/"},"sameAs":["https:\/\/www.facebook.com\/cafekiras","https:\/\/www.instagram.com\/kiras.vilnius\/"]}]}},"_links":{"self":[{"href":"https:\/\/kiras.lt\/en\/wp-json\/wp\/v2\/pages\/238","targetHints":{"allow":["GET"]}}],"collection":[{"href":"https:\/\/kiras.lt\/en\/wp-json\/wp\/v2\/pages"}],"about":[{"href":"https:\/\/kiras.lt\/en\/wp-json\/wp\/v2\/types\/page"}],"author":[{"embeddable":true,"href":"https:\/\/kiras.lt\/en\/wp-json\/wp\/v2\/users\/1"}],"replies":[{"embeddable":true,"href":"https:\/\/kiras.lt\/en\/wp-json\/wp\/v2\/comments?post=238"}],"version-history":[{"count":15,"href":"https:\/\/kiras.lt\/en\/wp-json\/wp\/v2\/pages\/238\/revisions"}],"predecessor-version":[{"id":2494,"href":"https:\/\/kiras.lt\/en\/wp-json\/wp\/v2\/pages\/238\/revisions\/2494"}],"up":[{"embeddable":true,"href":"https:\/\/kiras.lt\/en\/wp-json\/wp\/v2\/pages\/76"}],"wp:attachment":[{"href":"https:\/\/kiras.lt\/en\/wp-json\/wp\/v2\/media?parent=238"}],"curies":[{"name":"wp","href":"https:\/\/api.w.org\/{rel}","templated":true}]}}