{"id":2471,"date":"2023-09-08T11:17:25","date_gmt":"2023-09-08T08:17:25","guid":{"rendered":"https:\/\/kiras.lt\/?page_id=2471"},"modified":"2025-12-07T08:59:58","modified_gmt":"2025-12-07T06:59:58","slug":"bendra-informacija","status":"publish","type":"page","link":"https:\/\/kiras.lt\/en\/tortai\/bendra-informacija\/","title":{"rendered":"Information"},"content":{"rendered":"<p class=\"qtranxs-available-languages-message qtranxs-available-languages-message-en\">Sorry, this entry is only available in <a href=\"https:\/\/kiras.lt\/lt\/wp-json\/wp\/v2\/pages\/2471\" class=\"qtranxs-available-language-link qtranxs-available-language-link-lt\" title=\"Lithuanian\">Lithuanian<\/a>.<\/p>","protected":false},"excerpt":{"rendered":"<p>Sorry, this entry is only available in Lithuanian.<\/p>\n","protected":false},"author":1,"featured_media":0,"parent":387,"menu_order":0,"comment_status":"closed","ping_status":"closed","template":"","meta":{"_acf_changed":false,"footnotes":""},"class_list":["post-2471","page","type-page","status-publish","hentry"],"acf":[],"yoast_head":"<!-- This site is optimized with the Yoast SEO plugin v26.8 - https:\/\/yoast.com\/product\/yoast-seo-wordpress\/ -->\n<title>Bendra informacija - Tort\u0173 u\u017esakymas - Kiras<\/title>\n<meta name=\"robots\" content=\"index, follow, max-snippet:-1, max-image-preview:large, max-video-preview:-1\" \/>\n<link rel=\"canonical\" href=\"https:\/\/kiras.lt\/tortai\/bendra-informacija\/\" \/>\n<meta property=\"og:locale\" content=\"en_US\" \/>\n<meta property=\"og:type\" content=\"article\" \/>\n<meta property=\"og:title\" content=\"Bendra informacija - Tort\u0173 u\u017esakymas - Kiras\" \/>\n<meta property=\"og:description\" content=\"Sorry, this entry is only available in Lithuanian.\" \/>\n<meta property=\"og:url\" content=\"https:\/\/kiras.lt\/tortai\/bendra-informacija\/\" \/>\n<meta property=\"og:site_name\" content=\"Kiras\" \/>\n<meta property=\"article:publisher\" content=\"https:\/\/www.facebook.com\/cafekiras\" \/>\n<meta property=\"article:modified_time\" content=\"2025-12-07T06:59:58+00:00\" \/>\n<meta property=\"og:image\" content=\"https:\/\/kiras.lt\/wp-content\/uploads\/2023\/08\/kiras.lt-logo.jpg\" \/>\n\t<meta property=\"og:image:width\" content=\"2555\" \/>\n\t<meta property=\"og:image:height\" content=\"2020\" \/>\n\t<meta property=\"og:image:type\" content=\"image\/jpeg\" \/>\n<meta name=\"twitter:card\" content=\"summary_large_image\" \/>\n<meta name=\"twitter:label1\" content=\"Est. reading time\" \/>\n\t<meta name=\"twitter:data1\" content=\"1 minute\" \/>\n<script type=\"application\/ld+json\" class=\"yoast-schema-graph\">{\"@context\":\"https:\/\/schema.org\",\"@graph\":[{\"@type\":\"WebPage\",\"@id\":\"https:\/\/kiras.lt\/tortai\/bendra-informacija\/\",\"url\":\"https:\/\/kiras.lt\/tortai\/bendra-informacija\/\",\"name\":\"Bendra informacija - Tort\u0173 u\u017esakymas - Kiras\",\"isPartOf\":{\"@id\":\"https:\/\/kiras.lt\/#website\"},\"datePublished\":\"2023-09-08T08:17:25+00:00\",\"dateModified\":\"2025-12-07T06:59:58+00:00\",\"breadcrumb\":{\"@id\":\"https:\/\/kiras.lt\/tortai\/bendra-informacija\/#breadcrumb\"},\"inLanguage\":\"en-US\",\"potentialAction\":[{\"@type\":\"ReadAction\",\"target\":[\"https:\/\/kiras.lt\/tortai\/bendra-informacija\/\"]}]},{\"@type\":\"BreadcrumbList\",\"@id\":\"https:\/\/kiras.lt\/tortai\/bendra-informacija\/#breadcrumb\",\"itemListElement\":[{\"@type\":\"ListItem\",\"position\":1,\"name\":\"Titulinis\",\"item\":\"https:\/\/kiras.lt\/\"},{\"@type\":\"ListItem\",\"position\":2,\"name\":\"Tort\u0173 u\u017esakymai\",\"item\":\"https:\/\/kiras.lt\/tortai\/\"},{\"@type\":\"ListItem\",\"position\":3,\"name\":\"Bendra informacija\"}]},{\"@type\":\"WebSite\",\"@id\":\"https:\/\/kiras.lt\/#website\",\"url\":\"https:\/\/kiras.lt\/\",\"name\":\"Kiras\",\"description\":\"Cafe and vegan bakery\",\"publisher\":{\"@id\":\"https:\/\/kiras.lt\/#organization\"},\"alternateName\":\"Kiras - Kavin\u0117s ir vegani\u0161k\u0173 desert\u0173 kepykl\u0117l\u0117s\",\"potentialAction\":[{\"@type\":\"SearchAction\",\"target\":{\"@type\":\"EntryPoint\",\"urlTemplate\":\"https:\/\/kiras.lt\/?s={search_term_string}\"},\"query-input\":{\"@type\":\"PropertyValueSpecification\",\"valueRequired\":true,\"valueName\":\"search_term_string\"}}],\"inLanguage\":\"en-US\"},{\"@type\":\"Organization\",\"@id\":\"https:\/\/kiras.lt\/#organization\",\"name\":\"Kiras\",\"url\":\"https:\/\/kiras.lt\/\",\"logo\":{\"@type\":\"ImageObject\",\"inLanguage\":\"en-US\",\"@id\":\"https:\/\/kiras.lt\/#\/schema\/logo\/image\/\",\"url\":\"https:\/\/kiras.lt\/wp-content\/uploads\/2023\/08\/kiras.lt-logo.jpg\",\"contentUrl\":\"https:\/\/kiras.lt\/wp-content\/uploads\/2023\/08\/kiras.lt-logo.jpg\",\"width\":2555,\"height\":2020,\"caption\":\"Kiras\"},\"image\":{\"@id\":\"https:\/\/kiras.lt\/#\/schema\/logo\/image\/\"},\"sameAs\":[\"https:\/\/www.facebook.com\/cafekiras\",\"https:\/\/www.instagram.com\/kiras.vilnius\/\"]}]}<\/script>\n<!-- \/ Yoast SEO plugin. -->","yoast_head_json":{"title":"Bendra informacija - Tort\u0173 u\u017esakymas - Kiras","robots":{"index":"index","follow":"follow","max-snippet":"max-snippet:-1","max-image-preview":"max-image-preview:large","max-video-preview":"max-video-preview:-1"},"canonical":"https:\/\/kiras.lt\/tortai\/bendra-informacija\/","og_locale":"en_US","og_type":"article","og_title":"Bendra informacija - Tort\u0173 u\u017esakymas - Kiras","og_description":"Sorry, this entry is only available in Lithuanian.","og_url":"https:\/\/kiras.lt\/tortai\/bendra-informacija\/","og_site_name":"Kiras","article_publisher":"https:\/\/www.facebook.com\/cafekiras","article_modified_time":"2025-12-07T06:59:58+00:00","og_image":[{"width":2555,"height":2020,"url":"https:\/\/kiras.lt\/wp-content\/uploads\/2023\/08\/kiras.lt-logo.jpg","type":"image\/jpeg"}],"twitter_card":"summary_large_image","twitter_misc":{"Est. reading time":"1 minute"},"schema":{"@context":"https:\/\/schema.org","@graph":[{"@type":"WebPage","@id":"https:\/\/kiras.lt\/tortai\/bendra-informacija\/","url":"https:\/\/kiras.lt\/tortai\/bendra-informacija\/","name":"Bendra informacija - Tort\u0173 u\u017esakymas - Kiras","isPartOf":{"@id":"https:\/\/kiras.lt\/#website"},"datePublished":"2023-09-08T08:17:25+00:00","dateModified":"2025-12-07T06:59:58+00:00","breadcrumb":{"@id":"https:\/\/kiras.lt\/tortai\/bendra-informacija\/#breadcrumb"},"inLanguage":"en-US","potentialAction":[{"@type":"ReadAction","target":["https:\/\/kiras.lt\/tortai\/bendra-informacija\/"]}]},{"@type":"BreadcrumbList","@id":"https:\/\/kiras.lt\/tortai\/bendra-informacija\/#breadcrumb","itemListElement":[{"@type":"ListItem","position":1,"name":"Titulinis","item":"https:\/\/kiras.lt\/"},{"@type":"ListItem","position":2,"name":"Tort\u0173 u\u017esakymai","item":"https:\/\/kiras.lt\/tortai\/"},{"@type":"ListItem","position":3,"name":"Bendra informacija"}]},{"@type":"WebSite","@id":"https:\/\/kiras.lt\/#website","url":"https:\/\/kiras.lt\/","name":"Kiras","description":"Cafe and vegan bakery","publisher":{"@id":"https:\/\/kiras.lt\/#organization"},"alternateName":"Kiras - Kavin\u0117s ir vegani\u0161k\u0173 desert\u0173 kepykl\u0117l\u0117s","potentialAction":[{"@type":"SearchAction","target":{"@type":"EntryPoint","urlTemplate":"https:\/\/kiras.lt\/?s={search_term_string}"},"query-input":{"@type":"PropertyValueSpecification","valueRequired":true,"valueName":"search_term_string"}}],"inLanguage":"en-US"},{"@type":"Organization","@id":"https:\/\/kiras.lt\/#organization","name":"Kiras","url":"https:\/\/kiras.lt\/","logo":{"@type":"ImageObject","inLanguage":"en-US","@id":"https:\/\/kiras.lt\/#\/schema\/logo\/image\/","url":"https:\/\/kiras.lt\/wp-content\/uploads\/2023\/08\/kiras.lt-logo.jpg","contentUrl":"https:\/\/kiras.lt\/wp-content\/uploads\/2023\/08\/kiras.lt-logo.jpg","width":2555,"height":2020,"caption":"Kiras"},"image":{"@id":"https:\/\/kiras.lt\/#\/schema\/logo\/image\/"},"sameAs":["https:\/\/www.facebook.com\/cafekiras","https:\/\/www.instagram.com\/kiras.vilnius\/"]}]}},"_links":{"self":[{"href":"https:\/\/kiras.lt\/en\/wp-json\/wp\/v2\/pages\/2471","targetHints":{"allow":["GET"]}}],"collection":[{"href":"https:\/\/kiras.lt\/en\/wp-json\/wp\/v2\/pages"}],"about":[{"href":"https:\/\/kiras.lt\/en\/wp-json\/wp\/v2\/types\/page"}],"author":[{"embeddable":true,"href":"https:\/\/kiras.lt\/en\/wp-json\/wp\/v2\/users\/1"}],"replies":[{"embeddable":true,"href":"https:\/\/kiras.lt\/en\/wp-json\/wp\/v2\/comments?post=2471"}],"version-history":[{"count":8,"href":"https:\/\/kiras.lt\/en\/wp-json\/wp\/v2\/pages\/2471\/revisions"}],"predecessor-version":[{"id":3009,"href":"https:\/\/kiras.lt\/en\/wp-json\/wp\/v2\/pages\/2471\/revisions\/3009"}],"up":[{"embeddable":true,"href":"https:\/\/kiras.lt\/en\/wp-json\/wp\/v2\/pages\/387"}],"wp:attachment":[{"href":"https:\/\/kiras.lt\/en\/wp-json\/wp\/v2\/media?parent=2471"}],"curies":[{"name":"wp","href":"https:\/\/api.w.org\/{rel}","templated":true}]}}