{"id":288,"date":"2015-12-16T21:11:27","date_gmt":"2015-12-16T19:11:27","guid":{"rendered":"http:\/\/kiras.lt\/?page_id=288"},"modified":"2023-09-12T17:30:17","modified_gmt":"2023-09-12T14:30:17","slug":"apie-parduotuve","status":"publish","type":"page","link":"https:\/\/kiras.lt\/en\/parduotuve\/apie-parduotuve\/","title":{"rendered":"About the shop"},"content":{"rendered":"<p><\/p>\n<div class=\"gt-hl-layer\" dir=\"ltr\">\u00a0<span class=\"hps\">In Chaika&#8217;s <\/span><span class=\"hps\">online<\/span> <span class=\"hps\">store<\/span> <span class=\"hps\">we offer<\/span> <span class=\"hps\">you<\/span> <span class=\"hps\">to buy<\/span> <span class=\"hps\">our<\/span> <span class=\"hps\">handmade<\/span> <span class=\"hps\">teas<\/span>, <span class=\"hps\">a variety of<\/span> <span class=\"hps\">tea blends<\/span> <span class=\"hps\">and<\/span> accessories<span class=\"hps\">,<\/span> <span class=\"hps\">coffee<\/span>, cocoa <span class=\"hps\">and<\/span> <span class=\"hps\">other delicious<\/span> <span class=\"hps\">and<\/span> <span class=\"hps\">cozy goods<\/span><span class=\"hps\">.<\/span> <span class=\"hps\">We will constantly<\/span> <span class=\"hps\">offer<\/span> <span class=\"hps\">you<\/span> some <span class=\"hps\">news<\/span> <span class=\"hps\">of<\/span> <span class=\"hps\">which we will announce in<\/span><span class=\"hps\"> our<\/span> <span class=\"hps\">Facebook<\/span> page<span class=\"hps\"> at<\/span> <span class=\"hps\">https:\/\/www.facebook.com\/cafechaika<\/span>.<\/div>\n<div id=\"gt-src-c\" class=\"g-unit\">\n<div id=\"gt-src-p\">\n<div id=\"gt-src-wrap\" class=\"\">\n<div dir=\"ltr\">\n<div class=\"gt-hl-layer\" dir=\"ltr\"><\/div>\n<p><span id=\"result_box\" class=\"\" lang=\"en\"><span class=\"hps\">You can always have a look and try the<\/span><span class=\"hps\"> goods live<\/span> at <span class=\"hps\">the<\/span> <span class=\"hps atn\">cafe &#8220;<\/span>Chaika&#8221; in Vilnius, <span class=\"hps\">Totori\u0173<\/span> <span class=\"hps\">Str.<\/span> <span class=\"hps\">7.<\/span><\/span><\/p>\n<p><span class=\"hps\">We wish you<\/span> <span class=\"hps\">fun<\/span> <span class=\"hps\">shopping in our store<\/span>!<\/p>\n<p><img loading=\"lazy\" decoding=\"async\" class=\"alignnone size-medium wp-image-30\" src=\"http:\/\/kiras.lt\/wp-content\/uploads\/2015\/07\/darbo-laikas-2-300x200.jpg\" alt=\"Chaika\" width=\"300\" height=\"200\" \/><\/p>\n<\/div>\n<\/div>\n<\/div>\n<\/div>\n<p><\/p>","protected":false},"excerpt":{"rendered":"<p>\u00a0In Chaika&#8217;s online store we offer you to buy our handmade teas, a variety of tea blends and accessories, coffee, cocoa and other delicious and cozy goods. We will constantly offer you some news of which we will announce in our Facebook page at https:\/\/www.facebook.com\/cafechaika. You can always have a look and try the goods [&hellip;]<\/p>\n","protected":false},"author":1,"featured_media":0,"parent":76,"menu_order":0,"comment_status":"closed","ping_status":"closed","template":"","meta":{"_acf_changed":false,"footnotes":""},"class_list":["post-288","page","type-page","status-publish","hentry"],"acf":[],"yoast_head":"<!-- This site is optimized with the Yoast SEO plugin v26.8 - https:\/\/yoast.com\/product\/yoast-seo-wordpress\/ -->\n<title>About the shop - Kiras<\/title>\n<meta name=\"robots\" content=\"index, follow, max-snippet:-1, max-image-preview:large, max-video-preview:-1\" \/>\n<link rel=\"canonical\" href=\"https:\/\/kiras.lt\/parduotuve\/apie-parduotuve\/\" \/>\n<meta property=\"og:locale\" content=\"en_US\" \/>\n<meta property=\"og:type\" content=\"article\" \/>\n<meta property=\"og:title\" content=\"[:lt]Apie parduotuv\u0119[:en]About the shop[:] - Kiras\" \/>\n<meta property=\"og:description\" content=\"\u00a0In Chaika&#8217;s online store we offer you to buy our handmade teas, a variety of tea blends and accessories, coffee, cocoa and other delicious and cozy goods. We will constantly offer you some news of which we will announce in our Facebook page at https:\/\/www.facebook.com\/cafechaika. You can always have a look and try the goods [&hellip;]\" \/>\n<meta property=\"og:url\" content=\"https:\/\/kiras.lt\/parduotuve\/apie-parduotuve\/\" \/>\n<meta property=\"og:site_name\" content=\"Kiras\" \/>\n<meta property=\"article:publisher\" content=\"https:\/\/www.facebook.com\/cafekiras\" \/>\n<meta property=\"article:modified_time\" content=\"2023-09-12T14:30:17+00:00\" \/>\n<meta property=\"og:image\" content=\"http:\/\/kiras.lt\/wp-content\/uploads\/2015\/07\/darbo-laikas-2-300x200.jpg\" \/>\n<meta name=\"twitter:card\" content=\"summary_large_image\" \/>\n<meta name=\"twitter:label1\" content=\"Est. reading time\" \/>\n\t<meta name=\"twitter:data1\" content=\"1 minute\" \/>\n<script type=\"application\/ld+json\" class=\"yoast-schema-graph\">{\"@context\":\"https:\/\/schema.org\",\"@graph\":[{\"@type\":\"WebPage\",\"@id\":\"https:\/\/kiras.lt\/parduotuve\/apie-parduotuve\/\",\"url\":\"https:\/\/kiras.lt\/parduotuve\/apie-parduotuve\/\",\"name\":\"[:lt]Apie parduotuv\u0119[:en]About the shop[:] - Kiras\",\"isPartOf\":{\"@id\":\"https:\/\/kiras.lt\/#website\"},\"primaryImageOfPage\":{\"@id\":\"https:\/\/kiras.lt\/parduotuve\/apie-parduotuve\/#primaryimage\"},\"image\":{\"@id\":\"https:\/\/kiras.lt\/parduotuve\/apie-parduotuve\/#primaryimage\"},\"thumbnailUrl\":\"http:\/\/kiras.lt\/wp-content\/uploads\/2015\/07\/darbo-laikas-2-300x200.jpg\",\"datePublished\":\"2015-12-16T19:11:27+00:00\",\"dateModified\":\"2023-09-12T14:30:17+00:00\",\"breadcrumb\":{\"@id\":\"https:\/\/kiras.lt\/parduotuve\/apie-parduotuve\/#breadcrumb\"},\"inLanguage\":\"en-US\",\"potentialAction\":[{\"@type\":\"ReadAction\",\"target\":[\"https:\/\/kiras.lt\/parduotuve\/apie-parduotuve\/\"]}]},{\"@type\":\"ImageObject\",\"inLanguage\":\"en-US\",\"@id\":\"https:\/\/kiras.lt\/parduotuve\/apie-parduotuve\/#primaryimage\",\"url\":\"http:\/\/kiras.lt\/wp-content\/uploads\/2015\/07\/darbo-laikas-2-300x200.jpg\",\"contentUrl\":\"http:\/\/kiras.lt\/wp-content\/uploads\/2015\/07\/darbo-laikas-2-300x200.jpg\"},{\"@type\":\"BreadcrumbList\",\"@id\":\"https:\/\/kiras.lt\/parduotuve\/apie-parduotuve\/#breadcrumb\",\"itemListElement\":[{\"@type\":\"ListItem\",\"position\":1,\"name\":\"Titulinis\",\"item\":\"https:\/\/kiras.lt\/\"},{\"@type\":\"ListItem\",\"position\":2,\"name\":\"Parduotuv\u0117\",\"item\":\"https:\/\/kiras.lt\/parduotuve\/\"},{\"@type\":\"ListItem\",\"position\":3,\"name\":\"Apie parduotuv\u0119\"}]},{\"@type\":\"WebSite\",\"@id\":\"https:\/\/kiras.lt\/#website\",\"url\":\"https:\/\/kiras.lt\/\",\"name\":\"Kiras\",\"description\":\"Cafe and vegan bakery\",\"publisher\":{\"@id\":\"https:\/\/kiras.lt\/#organization\"},\"alternateName\":\"Kiras - Kavin\u0117s ir vegani\u0161k\u0173 desert\u0173 kepykl\u0117l\u0117s\",\"potentialAction\":[{\"@type\":\"SearchAction\",\"target\":{\"@type\":\"EntryPoint\",\"urlTemplate\":\"https:\/\/kiras.lt\/?s={search_term_string}\"},\"query-input\":{\"@type\":\"PropertyValueSpecification\",\"valueRequired\":true,\"valueName\":\"search_term_string\"}}],\"inLanguage\":\"en-US\"},{\"@type\":\"Organization\",\"@id\":\"https:\/\/kiras.lt\/#organization\",\"name\":\"Kiras\",\"url\":\"https:\/\/kiras.lt\/\",\"logo\":{\"@type\":\"ImageObject\",\"inLanguage\":\"en-US\",\"@id\":\"https:\/\/kiras.lt\/#\/schema\/logo\/image\/\",\"url\":\"https:\/\/kiras.lt\/wp-content\/uploads\/2023\/08\/kiras.lt-logo.jpg\",\"contentUrl\":\"https:\/\/kiras.lt\/wp-content\/uploads\/2023\/08\/kiras.lt-logo.jpg\",\"width\":2555,\"height\":2020,\"caption\":\"Kiras\"},\"image\":{\"@id\":\"https:\/\/kiras.lt\/#\/schema\/logo\/image\/\"},\"sameAs\":[\"https:\/\/www.facebook.com\/cafekiras\",\"https:\/\/www.instagram.com\/kiras.vilnius\/\"]}]}<\/script>\n<!-- \/ Yoast SEO plugin. -->","yoast_head_json":{"title":"[:lt]Apie parduotuv\u0119[:en]About the shop[:] - Kiras","robots":{"index":"index","follow":"follow","max-snippet":"max-snippet:-1","max-image-preview":"max-image-preview:large","max-video-preview":"max-video-preview:-1"},"canonical":"https:\/\/kiras.lt\/parduotuve\/apie-parduotuve\/","og_locale":"en_US","og_type":"article","og_title":"[:lt]Apie parduotuv\u0119[:en]About the shop[:] - Kiras","og_description":"\u00a0In Chaika&#8217;s online store we offer you to buy our handmade teas, a variety of tea blends and accessories, coffee, cocoa and other delicious and cozy goods. We will constantly offer you some news of which we will announce in our Facebook page at https:\/\/www.facebook.com\/cafechaika. You can always have a look and try the goods [&hellip;]","og_url":"https:\/\/kiras.lt\/parduotuve\/apie-parduotuve\/","og_site_name":"Kiras","article_publisher":"https:\/\/www.facebook.com\/cafekiras","article_modified_time":"2023-09-12T14:30:17+00:00","og_image":[{"url":"http:\/\/kiras.lt\/wp-content\/uploads\/2015\/07\/darbo-laikas-2-300x200.jpg","type":"","width":"","height":""}],"twitter_card":"summary_large_image","twitter_misc":{"Est. reading time":"1 minute"},"schema":{"@context":"https:\/\/schema.org","@graph":[{"@type":"WebPage","@id":"https:\/\/kiras.lt\/parduotuve\/apie-parduotuve\/","url":"https:\/\/kiras.lt\/parduotuve\/apie-parduotuve\/","name":"[:lt]Apie parduotuv\u0119[:en]About the shop[:] - Kiras","isPartOf":{"@id":"https:\/\/kiras.lt\/#website"},"primaryImageOfPage":{"@id":"https:\/\/kiras.lt\/parduotuve\/apie-parduotuve\/#primaryimage"},"image":{"@id":"https:\/\/kiras.lt\/parduotuve\/apie-parduotuve\/#primaryimage"},"thumbnailUrl":"http:\/\/kiras.lt\/wp-content\/uploads\/2015\/07\/darbo-laikas-2-300x200.jpg","datePublished":"2015-12-16T19:11:27+00:00","dateModified":"2023-09-12T14:30:17+00:00","breadcrumb":{"@id":"https:\/\/kiras.lt\/parduotuve\/apie-parduotuve\/#breadcrumb"},"inLanguage":"en-US","potentialAction":[{"@type":"ReadAction","target":["https:\/\/kiras.lt\/parduotuve\/apie-parduotuve\/"]}]},{"@type":"ImageObject","inLanguage":"en-US","@id":"https:\/\/kiras.lt\/parduotuve\/apie-parduotuve\/#primaryimage","url":"http:\/\/kiras.lt\/wp-content\/uploads\/2015\/07\/darbo-laikas-2-300x200.jpg","contentUrl":"http:\/\/kiras.lt\/wp-content\/uploads\/2015\/07\/darbo-laikas-2-300x200.jpg"},{"@type":"BreadcrumbList","@id":"https:\/\/kiras.lt\/parduotuve\/apie-parduotuve\/#breadcrumb","itemListElement":[{"@type":"ListItem","position":1,"name":"Titulinis","item":"https:\/\/kiras.lt\/"},{"@type":"ListItem","position":2,"name":"Parduotuv\u0117","item":"https:\/\/kiras.lt\/parduotuve\/"},{"@type":"ListItem","position":3,"name":"Apie parduotuv\u0119"}]},{"@type":"WebSite","@id":"https:\/\/kiras.lt\/#website","url":"https:\/\/kiras.lt\/","name":"Kiras","description":"Cafe and vegan bakery","publisher":{"@id":"https:\/\/kiras.lt\/#organization"},"alternateName":"Kiras - Kavin\u0117s ir vegani\u0161k\u0173 desert\u0173 kepykl\u0117l\u0117s","potentialAction":[{"@type":"SearchAction","target":{"@type":"EntryPoint","urlTemplate":"https:\/\/kiras.lt\/?s={search_term_string}"},"query-input":{"@type":"PropertyValueSpecification","valueRequired":true,"valueName":"search_term_string"}}],"inLanguage":"en-US"},{"@type":"Organization","@id":"https:\/\/kiras.lt\/#organization","name":"Kiras","url":"https:\/\/kiras.lt\/","logo":{"@type":"ImageObject","inLanguage":"en-US","@id":"https:\/\/kiras.lt\/#\/schema\/logo\/image\/","url":"https:\/\/kiras.lt\/wp-content\/uploads\/2023\/08\/kiras.lt-logo.jpg","contentUrl":"https:\/\/kiras.lt\/wp-content\/uploads\/2023\/08\/kiras.lt-logo.jpg","width":2555,"height":2020,"caption":"Kiras"},"image":{"@id":"https:\/\/kiras.lt\/#\/schema\/logo\/image\/"},"sameAs":["https:\/\/www.facebook.com\/cafekiras","https:\/\/www.instagram.com\/kiras.vilnius\/"]}]}},"_links":{"self":[{"href":"https:\/\/kiras.lt\/en\/wp-json\/wp\/v2\/pages\/288","targetHints":{"allow":["GET"]}}],"collection":[{"href":"https:\/\/kiras.lt\/en\/wp-json\/wp\/v2\/pages"}],"about":[{"href":"https:\/\/kiras.lt\/en\/wp-json\/wp\/v2\/types\/page"}],"author":[{"embeddable":true,"href":"https:\/\/kiras.lt\/en\/wp-json\/wp\/v2\/users\/1"}],"replies":[{"embeddable":true,"href":"https:\/\/kiras.lt\/en\/wp-json\/wp\/v2\/comments?post=288"}],"version-history":[{"count":5,"href":"https:\/\/kiras.lt\/en\/wp-json\/wp\/v2\/pages\/288\/revisions"}],"predecessor-version":[{"id":2481,"href":"https:\/\/kiras.lt\/en\/wp-json\/wp\/v2\/pages\/288\/revisions\/2481"}],"up":[{"embeddable":true,"href":"https:\/\/kiras.lt\/en\/wp-json\/wp\/v2\/pages\/76"}],"wp:attachment":[{"href":"https:\/\/kiras.lt\/en\/wp-json\/wp\/v2\/media?parent=288"}],"curies":[{"name":"wp","href":"https:\/\/api.w.org\/{rel}","templated":true}]}}