{"id":79,"date":"2015-07-22T19:10:39","date_gmt":"2015-07-22T16:10:39","guid":{"rendered":"http:\/\/kiras.lt\/demo\/my-account\/"},"modified":"2020-02-23T11:59:57","modified_gmt":"2020-02-23T09:59:57","slug":"paskyra","status":"publish","type":"page","link":"https:\/\/kiras.lt\/en\/parduotuve\/paskyra\/","title":{"rendered":"My Account"},"content":{"rendered":"<div class=\"woocommerce\"><div class=\"woocommerce-notices-wrapper\"><\/div>\n\n<div class=\"u-columns col2-set\" id=\"customer_login\">\n\n\t<div class=\"u-column1 col-1\">\n\n\n\t\t<h2>Login<\/h2>\n\n\t\t<form class=\"woocommerce-form woocommerce-form-login login\" method=\"post\" novalidate>\n\n\t\t\t\n\t\t\t<p class=\"woocommerce-form-row woocommerce-form-row--wide form-row form-row-wide\">\n\t\t\t\t<label for=\"username\">Username or email address&nbsp;<span class=\"required\" aria-hidden=\"true\">*<\/span><span class=\"screen-reader-text\">Required<\/span><\/label>\n\t\t\t\t<input type=\"text\" class=\"woocommerce-Input woocommerce-Input--text input-text\" name=\"username\" id=\"username\" autocomplete=\"username\" value=\"\" required aria-required=\"true\" \/>\t\t\t<\/p>\n\t\t\t<p class=\"woocommerce-form-row woocommerce-form-row--wide form-row form-row-wide\">\n\t\t\t\t<label for=\"password\">Password&nbsp;<span class=\"required\" aria-hidden=\"true\">*<\/span><span class=\"screen-reader-text\">Required<\/span><\/label>\n\t\t\t\t<input class=\"woocommerce-Input woocommerce-Input--text input-text\" type=\"password\" name=\"password\" id=\"password\" autocomplete=\"current-password\" required aria-required=\"true\" \/>\n\t\t\t<\/p>\n\n\t\t\t\n\t\t\t<p class=\"form-row\">\n\t\t\t\t<label class=\"woocommerce-form__label woocommerce-form__label-for-checkbox woocommerce-form-login__rememberme\">\n\t\t\t\t\t<input class=\"woocommerce-form__input woocommerce-form__input-checkbox\" name=\"rememberme\" type=\"checkbox\" id=\"rememberme\" value=\"forever\" \/> <span>Remember me<\/span>\n\t\t\t\t<\/label>\n\t\t\t\t<input type=\"hidden\" id=\"woocommerce-login-nonce\" name=\"woocommerce-login-nonce\" value=\"bf7ec07ede\" \/><input type=\"hidden\" name=\"_wp_http_referer\" value=\"\/en\/wp-json\/wp\/v2\/pages\/79\" \/>\t\t\t\t<button type=\"submit\" class=\"woocommerce-button button woocommerce-form-login__submit\" name=\"login\" value=\"Log in\">Log in<\/button>\n\t\t\t<\/p>\n\t\t\t<p class=\"woocommerce-LostPassword lost_password\">\n\t\t\t\t<a href=\"https:\/\/kiras.lt\/en\/parduotuve\/paskyra\/lost-password\/\">Lost your password?<\/a>\n\t\t\t<\/p>\n\n\t\t\t\n\t\t<\/form>\n\n\n\t<\/div>\n\n\t<div class=\"u-column2 col-2\">\n\n\t\t<h2>Register<\/h2>\n\n\t\t<form method=\"post\" class=\"woocommerce-form woocommerce-form-register register\"  >\n\n\t\t\t\n\t\t\t\n\t\t\t\t<p class=\"woocommerce-form-row woocommerce-form-row--wide form-row form-row-wide\">\n\t\t\t\t\t<label for=\"reg_username\">Username&nbsp;<span class=\"required\" aria-hidden=\"true\">*<\/span><span class=\"screen-reader-text\">Required<\/span><\/label>\n\t\t\t\t\t<input type=\"text\" class=\"woocommerce-Input woocommerce-Input--text input-text\" name=\"username\" id=\"reg_username\" autocomplete=\"username\" value=\"\" required aria-required=\"true\" \/>\t\t\t\t<\/p>\n\n\t\t\t\n\t\t\t<p class=\"woocommerce-form-row woocommerce-form-row--wide form-row form-row-wide\">\n\t\t\t\t<label for=\"reg_email\">Email address&nbsp;<span class=\"required\" aria-hidden=\"true\">*<\/span><span class=\"screen-reader-text\">Required<\/span><\/label>\n\t\t\t\t<input type=\"email\" class=\"woocommerce-Input woocommerce-Input--text input-text\" name=\"email\" id=\"reg_email\" autocomplete=\"email\" value=\"\" required aria-required=\"true\" \/>\t\t\t<\/p>\n\n\t\t\t\n\t\t\t\t<p class=\"woocommerce-form-row woocommerce-form-row--wide form-row form-row-wide\">\n\t\t\t\t\t<label for=\"reg_password\">Password&nbsp;<span class=\"required\" aria-hidden=\"true\">*<\/span><span class=\"screen-reader-text\">Required<\/span><\/label>\n\t\t\t\t\t<input type=\"password\" class=\"woocommerce-Input woocommerce-Input--text input-text\" name=\"password\" id=\"reg_password\" autocomplete=\"new-password\" required aria-required=\"true\" \/>\n\t\t\t\t<\/p>\n\n\t\t\t\n\t\t\t<wc-order-attribution-inputs><\/wc-order-attribution-inputs><div class=\"woocommerce-privacy-policy-text\"><p>J\u016bs\u0173 asmeniniai duomenys bus naudojami siekiant palaikyti j\u016bs\u0173 patirt\u012f \u0161ioje svetain\u0117je, valdyti prieig\u0105 prie j\u016bs\u0173 paskyros ir kitais tikslais, apra\u0161ytais m\u016bs\u0173 <a href=\"https:\/\/kiras.lt\/en\/privatumo-politika\/\" class=\"woocommerce-privacy-policy-link\" target=\"_blank\">privacy policy<\/a>.<\/p>\n<\/div>\n\t\t\t<p class=\"woocommerce-form-row form-row\">\n\t\t\t\t<input type=\"hidden\" id=\"woocommerce-register-nonce\" name=\"woocommerce-register-nonce\" value=\"38709ff904\" \/><input type=\"hidden\" name=\"_wp_http_referer\" value=\"\/en\/wp-json\/wp\/v2\/pages\/79\" \/>\t\t\t\t<button type=\"submit\" class=\"woocommerce-Button woocommerce-button button woocommerce-form-register__submit\" name=\"register\" value=\"Register\">Register<\/button>\n\t\t\t<\/p>\n\n\t\t\t\n\t\t<\/form>\n\n\t<\/div>\n\n<\/div>\n\n<\/div>\n","protected":false},"excerpt":{"rendered":"","protected":false},"author":1,"featured_media":0,"parent":76,"menu_order":0,"comment_status":"closed","ping_status":"open","template":"","meta":{"_acf_changed":false,"footnotes":""},"class_list":["post-79","page","type-page","status-publish","hentry"],"acf":[],"yoast_head":"<!-- This site is optimized with the Yoast SEO plugin v26.8 - https:\/\/yoast.com\/product\/yoast-seo-wordpress\/ -->\n<title>My Account - Kiras<\/title>\n<meta name=\"robots\" content=\"index, follow, max-snippet:-1, max-image-preview:large, max-video-preview:-1\" \/>\n<link rel=\"canonical\" href=\"https:\/\/kiras.lt\/parduotuve\/paskyra\/\" \/>\n<meta property=\"og:locale\" content=\"en_US\" \/>\n<meta property=\"og:type\" content=\"article\" \/>\n<meta property=\"og:title\" content=\"[:en]My Account[:lt]Mano paskyra[:] - Kiras\" \/>\n<meta property=\"og:url\" content=\"https:\/\/kiras.lt\/parduotuve\/paskyra\/\" \/>\n<meta property=\"og:site_name\" content=\"Kiras\" \/>\n<meta property=\"article:publisher\" content=\"https:\/\/www.facebook.com\/cafekiras\" \/>\n<meta property=\"article:modified_time\" content=\"2020-02-23T09:59:57+00:00\" \/>\n<meta property=\"og:image\" content=\"https:\/\/kiras.lt\/wp-content\/uploads\/2023\/08\/kiras.lt-logo.jpg\" \/>\n\t<meta property=\"og:image:width\" content=\"2555\" \/>\n\t<meta property=\"og:image:height\" content=\"2020\" \/>\n\t<meta property=\"og:image:type\" content=\"image\/jpeg\" \/>\n<meta name=\"twitter:card\" content=\"summary_large_image\" \/>\n<script type=\"application\/ld+json\" class=\"yoast-schema-graph\">{\"@context\":\"https:\/\/schema.org\",\"@graph\":[{\"@type\":\"WebPage\",\"@id\":\"https:\/\/kiras.lt\/parduotuve\/paskyra\/\",\"url\":\"https:\/\/kiras.lt\/parduotuve\/paskyra\/\",\"name\":\"[:en]My Account[:lt]Mano paskyra[:] - Kiras\",\"isPartOf\":{\"@id\":\"https:\/\/kiras.lt\/#website\"},\"datePublished\":\"2015-07-22T16:10:39+00:00\",\"dateModified\":\"2020-02-23T09:59:57+00:00\",\"breadcrumb\":{\"@id\":\"https:\/\/kiras.lt\/parduotuve\/paskyra\/#breadcrumb\"},\"inLanguage\":\"en-US\",\"potentialAction\":[{\"@type\":\"ReadAction\",\"target\":[\"https:\/\/kiras.lt\/parduotuve\/paskyra\/\"]}]},{\"@type\":\"BreadcrumbList\",\"@id\":\"https:\/\/kiras.lt\/parduotuve\/paskyra\/#breadcrumb\",\"itemListElement\":[{\"@type\":\"ListItem\",\"position\":1,\"name\":\"Titulinis\",\"item\":\"https:\/\/kiras.lt\/\"},{\"@type\":\"ListItem\",\"position\":2,\"name\":\"Parduotuv\u0117\",\"item\":\"https:\/\/kiras.lt\/parduotuve\/\"},{\"@type\":\"ListItem\",\"position\":3,\"name\":\"Mano paskyra\"}]},{\"@type\":\"WebSite\",\"@id\":\"https:\/\/kiras.lt\/#website\",\"url\":\"https:\/\/kiras.lt\/\",\"name\":\"Kiras\",\"description\":\"Cafe and vegan bakery\",\"publisher\":{\"@id\":\"https:\/\/kiras.lt\/#organization\"},\"alternateName\":\"Kiras - Kavin\u0117s ir vegani\u0161k\u0173 desert\u0173 kepykl\u0117l\u0117s\",\"potentialAction\":[{\"@type\":\"SearchAction\",\"target\":{\"@type\":\"EntryPoint\",\"urlTemplate\":\"https:\/\/kiras.lt\/?s={search_term_string}\"},\"query-input\":{\"@type\":\"PropertyValueSpecification\",\"valueRequired\":true,\"valueName\":\"search_term_string\"}}],\"inLanguage\":\"en-US\"},{\"@type\":\"Organization\",\"@id\":\"https:\/\/kiras.lt\/#organization\",\"name\":\"Kiras\",\"url\":\"https:\/\/kiras.lt\/\",\"logo\":{\"@type\":\"ImageObject\",\"inLanguage\":\"en-US\",\"@id\":\"https:\/\/kiras.lt\/#\/schema\/logo\/image\/\",\"url\":\"https:\/\/kiras.lt\/wp-content\/uploads\/2023\/08\/kiras.lt-logo.jpg\",\"contentUrl\":\"https:\/\/kiras.lt\/wp-content\/uploads\/2023\/08\/kiras.lt-logo.jpg\",\"width\":2555,\"height\":2020,\"caption\":\"Kiras\"},\"image\":{\"@id\":\"https:\/\/kiras.lt\/#\/schema\/logo\/image\/\"},\"sameAs\":[\"https:\/\/www.facebook.com\/cafekiras\",\"https:\/\/www.instagram.com\/kiras.vilnius\/\"]}]}<\/script>\n<!-- \/ Yoast SEO plugin. -->","yoast_head_json":{"title":"[:en]My Account[:lt]Mano paskyra[:] - Kiras","robots":{"index":"index","follow":"follow","max-snippet":"max-snippet:-1","max-image-preview":"max-image-preview:large","max-video-preview":"max-video-preview:-1"},"canonical":"https:\/\/kiras.lt\/parduotuve\/paskyra\/","og_locale":"en_US","og_type":"article","og_title":"[:en]My Account[:lt]Mano paskyra[:] - Kiras","og_url":"https:\/\/kiras.lt\/parduotuve\/paskyra\/","og_site_name":"Kiras","article_publisher":"https:\/\/www.facebook.com\/cafekiras","article_modified_time":"2020-02-23T09:59:57+00:00","og_image":[{"width":2555,"height":2020,"url":"https:\/\/kiras.lt\/wp-content\/uploads\/2023\/08\/kiras.lt-logo.jpg","type":"image\/jpeg"}],"twitter_card":"summary_large_image","schema":{"@context":"https:\/\/schema.org","@graph":[{"@type":"WebPage","@id":"https:\/\/kiras.lt\/parduotuve\/paskyra\/","url":"https:\/\/kiras.lt\/parduotuve\/paskyra\/","name":"[:en]My Account[:lt]Mano paskyra[:] - Kiras","isPartOf":{"@id":"https:\/\/kiras.lt\/#website"},"datePublished":"2015-07-22T16:10:39+00:00","dateModified":"2020-02-23T09:59:57+00:00","breadcrumb":{"@id":"https:\/\/kiras.lt\/parduotuve\/paskyra\/#breadcrumb"},"inLanguage":"en-US","potentialAction":[{"@type":"ReadAction","target":["https:\/\/kiras.lt\/parduotuve\/paskyra\/"]}]},{"@type":"BreadcrumbList","@id":"https:\/\/kiras.lt\/parduotuve\/paskyra\/#breadcrumb","itemListElement":[{"@type":"ListItem","position":1,"name":"Titulinis","item":"https:\/\/kiras.lt\/"},{"@type":"ListItem","position":2,"name":"Parduotuv\u0117","item":"https:\/\/kiras.lt\/parduotuve\/"},{"@type":"ListItem","position":3,"name":"Mano paskyra"}]},{"@type":"WebSite","@id":"https:\/\/kiras.lt\/#website","url":"https:\/\/kiras.lt\/","name":"Kiras","description":"Cafe and vegan bakery","publisher":{"@id":"https:\/\/kiras.lt\/#organization"},"alternateName":"Kiras - Kavin\u0117s ir vegani\u0161k\u0173 desert\u0173 kepykl\u0117l\u0117s","potentialAction":[{"@type":"SearchAction","target":{"@type":"EntryPoint","urlTemplate":"https:\/\/kiras.lt\/?s={search_term_string}"},"query-input":{"@type":"PropertyValueSpecification","valueRequired":true,"valueName":"search_term_string"}}],"inLanguage":"en-US"},{"@type":"Organization","@id":"https:\/\/kiras.lt\/#organization","name":"Kiras","url":"https:\/\/kiras.lt\/","logo":{"@type":"ImageObject","inLanguage":"en-US","@id":"https:\/\/kiras.lt\/#\/schema\/logo\/image\/","url":"https:\/\/kiras.lt\/wp-content\/uploads\/2023\/08\/kiras.lt-logo.jpg","contentUrl":"https:\/\/kiras.lt\/wp-content\/uploads\/2023\/08\/kiras.lt-logo.jpg","width":2555,"height":2020,"caption":"Kiras"},"image":{"@id":"https:\/\/kiras.lt\/#\/schema\/logo\/image\/"},"sameAs":["https:\/\/www.facebook.com\/cafekiras","https:\/\/www.instagram.com\/kiras.vilnius\/"]}]}},"_links":{"self":[{"href":"https:\/\/kiras.lt\/en\/wp-json\/wp\/v2\/pages\/79","targetHints":{"allow":["GET"]}}],"collection":[{"href":"https:\/\/kiras.lt\/en\/wp-json\/wp\/v2\/pages"}],"about":[{"href":"https:\/\/kiras.lt\/en\/wp-json\/wp\/v2\/types\/page"}],"author":[{"embeddable":true,"href":"https:\/\/kiras.lt\/en\/wp-json\/wp\/v2\/users\/1"}],"replies":[{"embeddable":true,"href":"https:\/\/kiras.lt\/en\/wp-json\/wp\/v2\/comments?post=79"}],"version-history":[{"count":1,"href":"https:\/\/kiras.lt\/en\/wp-json\/wp\/v2\/pages\/79\/revisions"}],"predecessor-version":[{"id":298,"href":"https:\/\/kiras.lt\/en\/wp-json\/wp\/v2\/pages\/79\/revisions\/298"}],"up":[{"embeddable":true,"href":"https:\/\/kiras.lt\/en\/wp-json\/wp\/v2\/pages\/76"}],"wp:attachment":[{"href":"https:\/\/kiras.lt\/en\/wp-json\/wp\/v2\/media?parent=79"}],"curies":[{"name":"wp","href":"https:\/\/api.w.org\/{rel}","templated":true}]}}