{"id":1879,"date":"2020-11-28T15:01:30","date_gmt":"2020-11-28T13:01:30","guid":{"rendered":"https:\/\/kiras.lt\/?post_type=product&#038;p=1879"},"modified":"2025-09-18T12:24:42","modified_gmt":"2025-09-18T09:24:42","slug":"dovanu-kuponas-10-euru-vertes","status":"publish","type":"product","link":"https:\/\/kiras.lt\/en\/parduotuve\/kitos-prekes\/dovanu-kuponas-10-euru-vertes\/","title":{"rendered":"(Lithuanian) Dovan\u0173 kuponas 10 eur\u0173 vert\u0117s"},"content":{"rendered":"<p class=\"qtranxs-available-languages-message qtranxs-available-languages-message-en\">Sorry, this entry is only available in <a href=\"https:\/\/kiras.lt\/lt\/wp-json\/wp\/v2\/product\/1879\" class=\"qtranxs-available-language-link qtranxs-available-language-link-lt\" title=\"Lithuanian\">Lithuanian<\/a>.<\/p>","protected":false},"excerpt":{"rendered":"<p>Sorry, this entry is only available in Lithuanian.<\/p>\n","protected":false},"featured_media":2967,"template":"","meta":{"_acf_changed":false},"product_brand":[],"product_cat":[139],"product_tag":[138],"class_list":{"0":"post-1879","1":"product","2":"type-product","3":"status-publish","4":"has-post-thumbnail","6":"product_cat-kitos-prekes","7":"product_tag-dovanu-kuponas","9":"first","10":"instock","11":"shipping-taxable","12":"purchasable","13":"product-type-simple"},"acf":[],"yoast_head":"<!-- This site is optimized with the Yoast SEO plugin v26.8 - https:\/\/yoast.com\/product\/yoast-seo-wordpress\/ -->\n<title><\/title>\n<meta name=\"robots\" content=\"index, follow, max-snippet:-1, max-image-preview:large, max-video-preview:-1\" \/>\n<link rel=\"canonical\" href=\"https:\/\/kiras.lt\/parduotuve\/kitos-prekes\/dovanu-kuponas-10-euru-vertes\/\" \/>\n<meta property=\"og:locale\" content=\"en_US\" \/>\n<meta property=\"og:type\" content=\"article\" \/>\n<meta property=\"og:title\" content=\"[:lt]Dovan\u0173 kuponas 10 eur\u0173 vert\u0117s[:] - Kiras\" \/>\n<meta property=\"og:description\" content=\"Sorry, this entry is only available in Lithuanian.\" \/>\n<meta property=\"og:url\" content=\"https:\/\/kiras.lt\/parduotuve\/kitos-prekes\/dovanu-kuponas-10-euru-vertes\/\" \/>\n<meta property=\"og:site_name\" content=\"Kiras\" \/>\n<meta property=\"article:publisher\" content=\"https:\/\/www.facebook.com\/cafekiras\" \/>\n<meta property=\"article:modified_time\" content=\"2025-09-18T09:24:42+00:00\" \/>\n<meta property=\"og:image\" content=\"https:\/\/kiras.lt\/wp-content\/uploads\/2020\/11\/IMG_7313_VSCO-scaled.jpeg\" \/>\n\t<meta property=\"og:image:width\" content=\"2560\" \/>\n\t<meta property=\"og:image:height\" content=\"1707\" \/>\n\t<meta property=\"og:image:type\" content=\"image\/jpeg\" \/>\n<meta name=\"twitter:card\" content=\"summary_large_image\" \/>\n<meta name=\"twitter:label1\" content=\"Est. reading time\" \/>\n\t<meta name=\"twitter:data1\" content=\"1 minute\" \/>\n<script type=\"application\/ld+json\" class=\"yoast-schema-graph\">{\"@context\":\"https:\/\/schema.org\",\"@graph\":[{\"@type\":\"WebPage\",\"@id\":\"https:\/\/kiras.lt\/parduotuve\/kitos-prekes\/dovanu-kuponas-10-euru-vertes\/\",\"url\":\"https:\/\/kiras.lt\/parduotuve\/kitos-prekes\/dovanu-kuponas-10-euru-vertes\/\",\"name\":\"[:lt]Dovan\u0173 kuponas 10 eur\u0173 vert\u0117s[:] - Kiras\",\"isPartOf\":{\"@id\":\"https:\/\/kiras.lt\/#website\"},\"primaryImageOfPage\":{\"@id\":\"https:\/\/kiras.lt\/parduotuve\/kitos-prekes\/dovanu-kuponas-10-euru-vertes\/#primaryimage\"},\"image\":{\"@id\":\"https:\/\/kiras.lt\/parduotuve\/kitos-prekes\/dovanu-kuponas-10-euru-vertes\/#primaryimage\"},\"thumbnailUrl\":\"https:\/\/kiras.lt\/wp-content\/uploads\/2020\/11\/IMG_7313_VSCO-scaled.jpeg\",\"datePublished\":\"2020-11-28T13:01:30+00:00\",\"dateModified\":\"2025-09-18T09:24:42+00:00\",\"breadcrumb\":{\"@id\":\"https:\/\/kiras.lt\/parduotuve\/kitos-prekes\/dovanu-kuponas-10-euru-vertes\/#breadcrumb\"},\"inLanguage\":\"en-US\",\"potentialAction\":[{\"@type\":\"ReadAction\",\"target\":[\"https:\/\/kiras.lt\/parduotuve\/kitos-prekes\/dovanu-kuponas-10-euru-vertes\/\"]}]},{\"@type\":\"ImageObject\",\"inLanguage\":\"en-US\",\"@id\":\"https:\/\/kiras.lt\/parduotuve\/kitos-prekes\/dovanu-kuponas-10-euru-vertes\/#primaryimage\",\"url\":\"https:\/\/kiras.lt\/wp-content\/uploads\/2020\/11\/IMG_7313_VSCO-scaled.jpeg\",\"contentUrl\":\"https:\/\/kiras.lt\/wp-content\/uploads\/2020\/11\/IMG_7313_VSCO-scaled.jpeg\",\"width\":2560,\"height\":1707,\"caption\":\"Processed with VSCO with f2 preset\"},{\"@type\":\"BreadcrumbList\",\"@id\":\"https:\/\/kiras.lt\/parduotuve\/kitos-prekes\/dovanu-kuponas-10-euru-vertes\/#breadcrumb\",\"itemListElement\":[{\"@type\":\"ListItem\",\"position\":1,\"name\":\"Titulinis\",\"item\":\"https:\/\/kiras.lt\/\"},{\"@type\":\"ListItem\",\"position\":2,\"name\":\"Parduotuv\u0117\",\"item\":\"https:\/\/kiras.lt\/parduotuve\/\"},{\"@type\":\"ListItem\",\"position\":3,\"name\":\"Dovan\u0173 kuponas 10 eur\u0173 vert\u0117s\"}]},{\"@type\":\"WebSite\",\"@id\":\"https:\/\/kiras.lt\/#website\",\"url\":\"https:\/\/kiras.lt\/\",\"name\":\"Kiras\",\"description\":\"Cafe and vegan bakery\",\"publisher\":{\"@id\":\"https:\/\/kiras.lt\/#organization\"},\"alternateName\":\"Kiras - Kavin\u0117s ir vegani\u0161k\u0173 desert\u0173 kepykl\u0117l\u0117s\",\"potentialAction\":[{\"@type\":\"SearchAction\",\"target\":{\"@type\":\"EntryPoint\",\"urlTemplate\":\"https:\/\/kiras.lt\/?s={search_term_string}\"},\"query-input\":{\"@type\":\"PropertyValueSpecification\",\"valueRequired\":true,\"valueName\":\"search_term_string\"}}],\"inLanguage\":\"en-US\"},{\"@type\":\"Organization\",\"@id\":\"https:\/\/kiras.lt\/#organization\",\"name\":\"Kiras\",\"url\":\"https:\/\/kiras.lt\/\",\"logo\":{\"@type\":\"ImageObject\",\"inLanguage\":\"en-US\",\"@id\":\"https:\/\/kiras.lt\/#\/schema\/logo\/image\/\",\"url\":\"https:\/\/kiras.lt\/wp-content\/uploads\/2023\/08\/kiras.lt-logo.jpg\",\"contentUrl\":\"https:\/\/kiras.lt\/wp-content\/uploads\/2023\/08\/kiras.lt-logo.jpg\",\"width\":2555,\"height\":2020,\"caption\":\"Kiras\"},\"image\":{\"@id\":\"https:\/\/kiras.lt\/#\/schema\/logo\/image\/\"},\"sameAs\":[\"https:\/\/www.facebook.com\/cafekiras\",\"https:\/\/www.instagram.com\/kiras.vilnius\/\"]}]}<\/script>\n<!-- \/ Yoast SEO plugin. -->","yoast_head_json":{"title":"[:lt]Dovan\u0173 kuponas 10 eur\u0173 vert\u0117s[:] - Kiras","robots":{"index":"index","follow":"follow","max-snippet":"max-snippet:-1","max-image-preview":"max-image-preview:large","max-video-preview":"max-video-preview:-1"},"canonical":"https:\/\/kiras.lt\/parduotuve\/kitos-prekes\/dovanu-kuponas-10-euru-vertes\/","og_locale":"en_US","og_type":"article","og_title":"[:lt]Dovan\u0173 kuponas 10 eur\u0173 vert\u0117s[:] - Kiras","og_description":"Sorry, this entry is only available in Lithuanian.","og_url":"https:\/\/kiras.lt\/parduotuve\/kitos-prekes\/dovanu-kuponas-10-euru-vertes\/","og_site_name":"Kiras","article_publisher":"https:\/\/www.facebook.com\/cafekiras","article_modified_time":"2025-09-18T09:24:42+00:00","og_image":[{"width":2560,"height":1707,"url":"https:\/\/kiras.lt\/wp-content\/uploads\/2020\/11\/IMG_7313_VSCO-scaled.jpeg","type":"image\/jpeg"}],"twitter_card":"summary_large_image","twitter_misc":{"Est. reading time":"1 minute"},"schema":{"@context":"https:\/\/schema.org","@graph":[{"@type":"WebPage","@id":"https:\/\/kiras.lt\/parduotuve\/kitos-prekes\/dovanu-kuponas-10-euru-vertes\/","url":"https:\/\/kiras.lt\/parduotuve\/kitos-prekes\/dovanu-kuponas-10-euru-vertes\/","name":"[:lt]Dovan\u0173 kuponas 10 eur\u0173 vert\u0117s[:] - Kiras","isPartOf":{"@id":"https:\/\/kiras.lt\/#website"},"primaryImageOfPage":{"@id":"https:\/\/kiras.lt\/parduotuve\/kitos-prekes\/dovanu-kuponas-10-euru-vertes\/#primaryimage"},"image":{"@id":"https:\/\/kiras.lt\/parduotuve\/kitos-prekes\/dovanu-kuponas-10-euru-vertes\/#primaryimage"},"thumbnailUrl":"https:\/\/kiras.lt\/wp-content\/uploads\/2020\/11\/IMG_7313_VSCO-scaled.jpeg","datePublished":"2020-11-28T13:01:30+00:00","dateModified":"2025-09-18T09:24:42+00:00","breadcrumb":{"@id":"https:\/\/kiras.lt\/parduotuve\/kitos-prekes\/dovanu-kuponas-10-euru-vertes\/#breadcrumb"},"inLanguage":"en-US","potentialAction":[{"@type":"ReadAction","target":["https:\/\/kiras.lt\/parduotuve\/kitos-prekes\/dovanu-kuponas-10-euru-vertes\/"]}]},{"@type":"ImageObject","inLanguage":"en-US","@id":"https:\/\/kiras.lt\/parduotuve\/kitos-prekes\/dovanu-kuponas-10-euru-vertes\/#primaryimage","url":"https:\/\/kiras.lt\/wp-content\/uploads\/2020\/11\/IMG_7313_VSCO-scaled.jpeg","contentUrl":"https:\/\/kiras.lt\/wp-content\/uploads\/2020\/11\/IMG_7313_VSCO-scaled.jpeg","width":2560,"height":1707,"caption":"Processed with VSCO with f2 preset"},{"@type":"BreadcrumbList","@id":"https:\/\/kiras.lt\/parduotuve\/kitos-prekes\/dovanu-kuponas-10-euru-vertes\/#breadcrumb","itemListElement":[{"@type":"ListItem","position":1,"name":"Titulinis","item":"https:\/\/kiras.lt\/"},{"@type":"ListItem","position":2,"name":"Parduotuv\u0117","item":"https:\/\/kiras.lt\/parduotuve\/"},{"@type":"ListItem","position":3,"name":"Dovan\u0173 kuponas 10 eur\u0173 vert\u0117s"}]},{"@type":"WebSite","@id":"https:\/\/kiras.lt\/#website","url":"https:\/\/kiras.lt\/","name":"Kiras","description":"Cafe and vegan bakery","publisher":{"@id":"https:\/\/kiras.lt\/#organization"},"alternateName":"Kiras - Kavin\u0117s ir vegani\u0161k\u0173 desert\u0173 kepykl\u0117l\u0117s","potentialAction":[{"@type":"SearchAction","target":{"@type":"EntryPoint","urlTemplate":"https:\/\/kiras.lt\/?s={search_term_string}"},"query-input":{"@type":"PropertyValueSpecification","valueRequired":true,"valueName":"search_term_string"}}],"inLanguage":"en-US"},{"@type":"Organization","@id":"https:\/\/kiras.lt\/#organization","name":"Kiras","url":"https:\/\/kiras.lt\/","logo":{"@type":"ImageObject","inLanguage":"en-US","@id":"https:\/\/kiras.lt\/#\/schema\/logo\/image\/","url":"https:\/\/kiras.lt\/wp-content\/uploads\/2023\/08\/kiras.lt-logo.jpg","contentUrl":"https:\/\/kiras.lt\/wp-content\/uploads\/2023\/08\/kiras.lt-logo.jpg","width":2555,"height":2020,"caption":"Kiras"},"image":{"@id":"https:\/\/kiras.lt\/#\/schema\/logo\/image\/"},"sameAs":["https:\/\/www.facebook.com\/cafekiras","https:\/\/www.instagram.com\/kiras.vilnius\/"]}]}},"_links":{"self":[{"href":"https:\/\/kiras.lt\/en\/wp-json\/wp\/v2\/product\/1879","targetHints":{"allow":["GET"]}}],"collection":[{"href":"https:\/\/kiras.lt\/en\/wp-json\/wp\/v2\/product"}],"about":[{"href":"https:\/\/kiras.lt\/en\/wp-json\/wp\/v2\/types\/product"}],"wp:featuredmedia":[{"embeddable":true,"href":"https:\/\/kiras.lt\/en\/wp-json\/wp\/v2\/media\/2967"}],"wp:attachment":[{"href":"https:\/\/kiras.lt\/en\/wp-json\/wp\/v2\/media?parent=1879"}],"wp:term":[{"taxonomy":"product_brand","embeddable":true,"href":"https:\/\/kiras.lt\/en\/wp-json\/wp\/v2\/product_brand?post=1879"},{"taxonomy":"product_cat","embeddable":true,"href":"https:\/\/kiras.lt\/en\/wp-json\/wp\/v2\/product_cat?post=1879"},{"taxonomy":"product_tag","embeddable":true,"href":"https:\/\/kiras.lt\/en\/wp-json\/wp\/v2\/product_tag?post=1879"}],"curies":[{"name":"wp","href":"https:\/\/api.w.org\/{rel}","templated":true}]}}