{"id":259,"date":"2015-12-09T19:05:29","date_gmt":"2015-12-09T17:05:29","guid":{"rendered":"http:\/\/kiras.lt\/?post_type=product&#038;p=259"},"modified":"2025-12-16T16:58:41","modified_gmt":"2025-12-16T14:58:41","slug":"chaika-isskirtine-ranku-darbo-arbata-melyna-cinamonine","status":"publish","type":"product","link":"https:\/\/kiras.lt\/en\/parduotuve\/arbata\/chaika-isskirtine-ranku-darbo-arbata-melyna-cinamonine\/","title":{"rendered":"CHAIKA\u00ae i\u0161skirtin\u0117 rank\u0173 darbo arbata \u201cM\u0117lyna Cinamonin\u0117\u201d"},"content":{"rendered":"<p><strong>&#8220;M\u0117lyna cinamonin\u0117&#8221;<\/strong> &#8211; Tai arbata ie\u0161kantiems i\u0161skirtini\u0173 poj\u016b\u010di\u0173: u\u017eburianti sodri m\u0117lyna spalva, cinamono aromatas bei lengvas saldumas.<\/p>\n<p><strong>Sud\u0117tis:<\/strong> d\u017eiovinti butterfly pea g\u0117li\u0173 \u017eiedai, auk\u0161\u010diausios r\u016b\u0161ies smulkintos \u0160ri Lankos cinamono lazdel\u0117s, saldymed\u017eio \u0161aknis.<\/p>\n<p>Plikyti 100<sup>o<\/sup> 7min<\/p>\n<p>Neto svoris: 48g, 16 pakeli\u0173.<\/p>\n<p><em>CHAIKOS\u00ae rank\u0173 darbo arbatos Chaiki\u0161kuose pakeliuose \u2013 tai auk\u0161\u010diausios r\u016b\u0161ies arbat\u017eol\u0117s ir prieskoniai, \u012fvair\u016bs skoni\u0173 deriniai, naujovi\u0161kas pateikimas ir patogus plikymas!<\/em><\/p>","protected":false},"excerpt":{"rendered":"<p>\u012esp\u016bdinga m\u0117lynos spalvos arbata kvepianti cinamonu bei turinti lengv\u0105 nat\u016bral\u0173 saldum\u0105. Supakuota rankomis specialiuose pakeliuose, kuriuos lengva ir patogu plikyti. Pagaminta Lietuvoje.<\/p>\n","protected":false},"featured_media":949,"template":"","meta":{"_acf_changed":false},"product_brand":[],"product_cat":[8],"product_tag":[17,23,44,42,19,43],"class_list":{"0":"post-259","1":"product","2":"type-product","3":"status-publish","4":"has-post-thumbnail","6":"product_cat-arbata","7":"product_tag-arbata","8":"product_tag-cinamonas","9":"product_tag-egzotiska-arbata","10":"product_tag-melyna","11":"product_tag-ranku-darbo-arbata","12":"product_tag-saldymedis","14":"first","15":"instock","16":"shipping-taxable","17":"purchasable","18":"product-type-simple"},"acf":[],"yoast_head":"<!-- This site is optimized with the Yoast SEO plugin v26.8 - https:\/\/yoast.com\/product\/yoast-seo-wordpress\/ -->\n<title>CHAIKA\u00ae i\u0161skirtin\u0117 rank\u0173 darbo arbata \u201cM\u0117lyna Cinamonin\u0117\u201d - Kiras<\/title>\n<meta name=\"robots\" content=\"index, follow, max-snippet:-1, max-image-preview:large, max-video-preview:-1\" \/>\n<link rel=\"canonical\" href=\"https:\/\/kiras.lt\/parduotuve\/arbata\/chaika-isskirtine-ranku-darbo-arbata-melyna-cinamonine\/\" \/>\n<meta property=\"og:locale\" content=\"en_US\" \/>\n<meta property=\"og:type\" content=\"article\" \/>\n<meta property=\"og:title\" content=\"[:lt]M\u0117lynoji arbata[:en]CHAIKA\u00ae i\u0161skirtin\u0117 rank\u0173 darbo arbata \u201cM\u0117lyna Cinamonin\u0117\u201d[:] - Kiras\" \/>\n<meta property=\"og:description\" content=\"[:lt]\u012esp\u016bdinga m\u0117lynos spalvos arbata kvepianti cinamonu bei turinti lengv\u0105 nat\u016bral\u0173 saldum\u0105.[:en]\u012esp\u016bdinga m\u0117lynos spalvos arbata kvepianti cinamonu bei turinti lengv\u0105 nat\u016bral\u0173 saldum\u0105. Supakuota rankomis specialiuose pakeliuose, kuriuos lengva ir patogu plikyti. Pagaminta Lietuvoje.[:]\" \/>\n<meta property=\"og:url\" content=\"https:\/\/kiras.lt\/parduotuve\/arbata\/chaika-isskirtine-ranku-darbo-arbata-melyna-cinamonine\/\" \/>\n<meta property=\"og:site_name\" content=\"Kiras\" \/>\n<meta property=\"article:publisher\" content=\"https:\/\/www.facebook.com\/cafekiras\" \/>\n<meta property=\"article:modified_time\" content=\"2025-12-16T14:58:41+00:00\" \/>\n<meta property=\"og:image\" content=\"https:\/\/kiras.lt\/wp-content\/uploads\/2015\/12\/053-scaled.jpg\" \/>\n\t<meta property=\"og:image:width\" content=\"1707\" \/>\n\t<meta property=\"og:image:height\" content=\"2560\" \/>\n\t<meta property=\"og:image:type\" content=\"image\/jpeg\" \/>\n<meta name=\"twitter:card\" content=\"summary_large_image\" \/>\n<meta name=\"twitter:label1\" content=\"Est. reading time\" \/>\n\t<meta name=\"twitter:data1\" content=\"1 minute\" \/>\n<script type=\"application\/ld+json\" class=\"yoast-schema-graph\">{\"@context\":\"https:\/\/schema.org\",\"@graph\":[{\"@type\":\"WebPage\",\"@id\":\"https:\/\/kiras.lt\/parduotuve\/arbata\/chaika-isskirtine-ranku-darbo-arbata-melyna-cinamonine\/\",\"url\":\"https:\/\/kiras.lt\/parduotuve\/arbata\/chaika-isskirtine-ranku-darbo-arbata-melyna-cinamonine\/\",\"name\":\"[:lt]M\u0117lynoji arbata[:en]CHAIKA\u00ae i\u0161skirtin\u0117 rank\u0173 darbo arbata \u201cM\u0117lyna Cinamonin\u0117\u201d[:] - Kiras\",\"isPartOf\":{\"@id\":\"https:\/\/kiras.lt\/#website\"},\"primaryImageOfPage\":{\"@id\":\"https:\/\/kiras.lt\/parduotuve\/arbata\/chaika-isskirtine-ranku-darbo-arbata-melyna-cinamonine\/#primaryimage\"},\"image\":{\"@id\":\"https:\/\/kiras.lt\/parduotuve\/arbata\/chaika-isskirtine-ranku-darbo-arbata-melyna-cinamonine\/#primaryimage\"},\"thumbnailUrl\":\"https:\/\/kiras.lt\/wp-content\/uploads\/2015\/12\/053-scaled.jpg\",\"datePublished\":\"2015-12-09T17:05:29+00:00\",\"dateModified\":\"2025-12-16T14:58:41+00:00\",\"breadcrumb\":{\"@id\":\"https:\/\/kiras.lt\/parduotuve\/arbata\/chaika-isskirtine-ranku-darbo-arbata-melyna-cinamonine\/#breadcrumb\"},\"inLanguage\":\"en-US\",\"potentialAction\":[{\"@type\":\"ReadAction\",\"target\":[\"https:\/\/kiras.lt\/parduotuve\/arbata\/chaika-isskirtine-ranku-darbo-arbata-melyna-cinamonine\/\"]}]},{\"@type\":\"ImageObject\",\"inLanguage\":\"en-US\",\"@id\":\"https:\/\/kiras.lt\/parduotuve\/arbata\/chaika-isskirtine-ranku-darbo-arbata-melyna-cinamonine\/#primaryimage\",\"url\":\"https:\/\/kiras.lt\/wp-content\/uploads\/2015\/12\/053-scaled.jpg\",\"contentUrl\":\"https:\/\/kiras.lt\/wp-content\/uploads\/2015\/12\/053-scaled.jpg\",\"width\":1707,\"height\":2560},{\"@type\":\"BreadcrumbList\",\"@id\":\"https:\/\/kiras.lt\/parduotuve\/arbata\/chaika-isskirtine-ranku-darbo-arbata-melyna-cinamonine\/#breadcrumb\",\"itemListElement\":[{\"@type\":\"ListItem\",\"position\":1,\"name\":\"Titulinis\",\"item\":\"https:\/\/kiras.lt\/\"},{\"@type\":\"ListItem\",\"position\":2,\"name\":\"Parduotuv\u0117\",\"item\":\"https:\/\/kiras.lt\/parduotuve\/\"},{\"@type\":\"ListItem\",\"position\":3,\"name\":\"M\u0117lynoji arbata\"}]},{\"@type\":\"WebSite\",\"@id\":\"https:\/\/kiras.lt\/#website\",\"url\":\"https:\/\/kiras.lt\/\",\"name\":\"Kiras\",\"description\":\"Cafe and vegan bakery\",\"publisher\":{\"@id\":\"https:\/\/kiras.lt\/#organization\"},\"alternateName\":\"Kiras - Kavin\u0117s ir vegani\u0161k\u0173 desert\u0173 kepykl\u0117l\u0117s\",\"potentialAction\":[{\"@type\":\"SearchAction\",\"target\":{\"@type\":\"EntryPoint\",\"urlTemplate\":\"https:\/\/kiras.lt\/?s={search_term_string}\"},\"query-input\":{\"@type\":\"PropertyValueSpecification\",\"valueRequired\":true,\"valueName\":\"search_term_string\"}}],\"inLanguage\":\"en-US\"},{\"@type\":\"Organization\",\"@id\":\"https:\/\/kiras.lt\/#organization\",\"name\":\"Kiras\",\"url\":\"https:\/\/kiras.lt\/\",\"logo\":{\"@type\":\"ImageObject\",\"inLanguage\":\"en-US\",\"@id\":\"https:\/\/kiras.lt\/#\/schema\/logo\/image\/\",\"url\":\"https:\/\/kiras.lt\/wp-content\/uploads\/2023\/08\/kiras.lt-logo.jpg\",\"contentUrl\":\"https:\/\/kiras.lt\/wp-content\/uploads\/2023\/08\/kiras.lt-logo.jpg\",\"width\":2555,\"height\":2020,\"caption\":\"Kiras\"},\"image\":{\"@id\":\"https:\/\/kiras.lt\/#\/schema\/logo\/image\/\"},\"sameAs\":[\"https:\/\/www.facebook.com\/cafekiras\",\"https:\/\/www.instagram.com\/kiras.vilnius\/\"]}]}<\/script>\n<!-- \/ Yoast SEO plugin. -->","yoast_head_json":{"title":"[:lt]M\u0117lynoji arbata[:en]CHAIKA\u00ae i\u0161skirtin\u0117 rank\u0173 darbo arbata \u201cM\u0117lyna Cinamonin\u0117\u201d[:] - Kiras","robots":{"index":"index","follow":"follow","max-snippet":"max-snippet:-1","max-image-preview":"max-image-preview:large","max-video-preview":"max-video-preview:-1"},"canonical":"https:\/\/kiras.lt\/parduotuve\/arbata\/chaika-isskirtine-ranku-darbo-arbata-melyna-cinamonine\/","og_locale":"en_US","og_type":"article","og_title":"[:lt]M\u0117lynoji arbata[:en]CHAIKA\u00ae i\u0161skirtin\u0117 rank\u0173 darbo arbata \u201cM\u0117lyna Cinamonin\u0117\u201d[:] - Kiras","og_description":"[:lt]\u012esp\u016bdinga m\u0117lynos spalvos arbata kvepianti cinamonu bei turinti lengv\u0105 nat\u016bral\u0173 saldum\u0105.[:en]\u012esp\u016bdinga m\u0117lynos spalvos arbata kvepianti cinamonu bei turinti lengv\u0105 nat\u016bral\u0173 saldum\u0105. Supakuota rankomis specialiuose pakeliuose, kuriuos lengva ir patogu plikyti. Pagaminta Lietuvoje.[:]","og_url":"https:\/\/kiras.lt\/parduotuve\/arbata\/chaika-isskirtine-ranku-darbo-arbata-melyna-cinamonine\/","og_site_name":"Kiras","article_publisher":"https:\/\/www.facebook.com\/cafekiras","article_modified_time":"2025-12-16T14:58:41+00:00","og_image":[{"width":1707,"height":2560,"url":"https:\/\/kiras.lt\/wp-content\/uploads\/2015\/12\/053-scaled.jpg","type":"image\/jpeg"}],"twitter_card":"summary_large_image","twitter_misc":{"Est. reading time":"1 minute"},"schema":{"@context":"https:\/\/schema.org","@graph":[{"@type":"WebPage","@id":"https:\/\/kiras.lt\/parduotuve\/arbata\/chaika-isskirtine-ranku-darbo-arbata-melyna-cinamonine\/","url":"https:\/\/kiras.lt\/parduotuve\/arbata\/chaika-isskirtine-ranku-darbo-arbata-melyna-cinamonine\/","name":"[:lt]M\u0117lynoji arbata[:en]CHAIKA\u00ae i\u0161skirtin\u0117 rank\u0173 darbo arbata \u201cM\u0117lyna Cinamonin\u0117\u201d[:] - Kiras","isPartOf":{"@id":"https:\/\/kiras.lt\/#website"},"primaryImageOfPage":{"@id":"https:\/\/kiras.lt\/parduotuve\/arbata\/chaika-isskirtine-ranku-darbo-arbata-melyna-cinamonine\/#primaryimage"},"image":{"@id":"https:\/\/kiras.lt\/parduotuve\/arbata\/chaika-isskirtine-ranku-darbo-arbata-melyna-cinamonine\/#primaryimage"},"thumbnailUrl":"https:\/\/kiras.lt\/wp-content\/uploads\/2015\/12\/053-scaled.jpg","datePublished":"2015-12-09T17:05:29+00:00","dateModified":"2025-12-16T14:58:41+00:00","breadcrumb":{"@id":"https:\/\/kiras.lt\/parduotuve\/arbata\/chaika-isskirtine-ranku-darbo-arbata-melyna-cinamonine\/#breadcrumb"},"inLanguage":"en-US","potentialAction":[{"@type":"ReadAction","target":["https:\/\/kiras.lt\/parduotuve\/arbata\/chaika-isskirtine-ranku-darbo-arbata-melyna-cinamonine\/"]}]},{"@type":"ImageObject","inLanguage":"en-US","@id":"https:\/\/kiras.lt\/parduotuve\/arbata\/chaika-isskirtine-ranku-darbo-arbata-melyna-cinamonine\/#primaryimage","url":"https:\/\/kiras.lt\/wp-content\/uploads\/2015\/12\/053-scaled.jpg","contentUrl":"https:\/\/kiras.lt\/wp-content\/uploads\/2015\/12\/053-scaled.jpg","width":1707,"height":2560},{"@type":"BreadcrumbList","@id":"https:\/\/kiras.lt\/parduotuve\/arbata\/chaika-isskirtine-ranku-darbo-arbata-melyna-cinamonine\/#breadcrumb","itemListElement":[{"@type":"ListItem","position":1,"name":"Titulinis","item":"https:\/\/kiras.lt\/"},{"@type":"ListItem","position":2,"name":"Parduotuv\u0117","item":"https:\/\/kiras.lt\/parduotuve\/"},{"@type":"ListItem","position":3,"name":"M\u0117lynoji arbata"}]},{"@type":"WebSite","@id":"https:\/\/kiras.lt\/#website","url":"https:\/\/kiras.lt\/","name":"Kiras","description":"Cafe and vegan bakery","publisher":{"@id":"https:\/\/kiras.lt\/#organization"},"alternateName":"Kiras - Kavin\u0117s ir vegani\u0161k\u0173 desert\u0173 kepykl\u0117l\u0117s","potentialAction":[{"@type":"SearchAction","target":{"@type":"EntryPoint","urlTemplate":"https:\/\/kiras.lt\/?s={search_term_string}"},"query-input":{"@type":"PropertyValueSpecification","valueRequired":true,"valueName":"search_term_string"}}],"inLanguage":"en-US"},{"@type":"Organization","@id":"https:\/\/kiras.lt\/#organization","name":"Kiras","url":"https:\/\/kiras.lt\/","logo":{"@type":"ImageObject","inLanguage":"en-US","@id":"https:\/\/kiras.lt\/#\/schema\/logo\/image\/","url":"https:\/\/kiras.lt\/wp-content\/uploads\/2023\/08\/kiras.lt-logo.jpg","contentUrl":"https:\/\/kiras.lt\/wp-content\/uploads\/2023\/08\/kiras.lt-logo.jpg","width":2555,"height":2020,"caption":"Kiras"},"image":{"@id":"https:\/\/kiras.lt\/#\/schema\/logo\/image\/"},"sameAs":["https:\/\/www.facebook.com\/cafekiras","https:\/\/www.instagram.com\/kiras.vilnius\/"]}]}},"_links":{"self":[{"href":"https:\/\/kiras.lt\/en\/wp-json\/wp\/v2\/product\/259","targetHints":{"allow":["GET"]}}],"collection":[{"href":"https:\/\/kiras.lt\/en\/wp-json\/wp\/v2\/product"}],"about":[{"href":"https:\/\/kiras.lt\/en\/wp-json\/wp\/v2\/types\/product"}],"wp:featuredmedia":[{"embeddable":true,"href":"https:\/\/kiras.lt\/en\/wp-json\/wp\/v2\/media\/949"}],"wp:attachment":[{"href":"https:\/\/kiras.lt\/en\/wp-json\/wp\/v2\/media?parent=259"}],"wp:term":[{"taxonomy":"product_brand","embeddable":true,"href":"https:\/\/kiras.lt\/en\/wp-json\/wp\/v2\/product_brand?post=259"},{"taxonomy":"product_cat","embeddable":true,"href":"https:\/\/kiras.lt\/en\/wp-json\/wp\/v2\/product_cat?post=259"},{"taxonomy":"product_tag","embeddable":true,"href":"https:\/\/kiras.lt\/en\/wp-json\/wp\/v2\/product_tag?post=259"}],"curies":[{"name":"wp","href":"https:\/\/api.w.org\/{rel}","templated":true}]}}