{"id":260,"date":"2015-12-09T19:27:14","date_gmt":"2015-12-09T17:27:14","guid":{"rendered":"http:\/\/kiras.lt\/?post_type=product&#038;p=260"},"modified":"2022-05-27T17:30:13","modified_gmt":"2022-05-27T14:30:13","slug":"chaika-isskirtine-ranku-darbo-arbata-prieskonine-chai","status":"publish","type":"product","link":"https:\/\/kiras.lt\/en\/parduotuve\/arbata\/chaika-isskirtine-ranku-darbo-arbata-prieskonine-chai\/","title":{"rendered":"Prieskonin\u0117 arbata \u201cChaika CHAI\u201d"},"content":{"rendered":"<p><strong>\u201eChaika CHAI\u201c<\/strong> \u2013 aromatinga ir a\u0161tri arbata susidedanti i\u0161 smulkint\u0173 bei malt\u0173 ajurvedini\u0173 prieskoni\u0173 ir juodosios arbatos. Ruo\u0161iama su pienu.<\/p>\n<p><strong>Sud\u0117tis:<\/strong> Ceilono cinamonas, juodieji pipirai, imbieras, kardamonas, gvazdik\u0117liai, kajeno pipirai, juodoji arbata.<\/p>\n<p>Plikyti 100<sup>o<\/sup> 7min<\/p>\n<p>Neto svoris: 80g.<\/p>\n<p><em>Visos CHAIKOS arbatos, tai rank\u0173 darbas, auk\u0161\u010diausios r\u016b\u0161ies arbat\u017eol\u0117s ir prieskoniai bei dar neragauti skoni\u0173 deriniai!<\/em><\/p>","protected":false},"excerpt":{"rendered":"<p>Lengvai a\u0161tri, aromatinga ajurvedin\u0117 arbata, kuri su\u0161ildys j\u016bs\u0173 k\u016bn\u0105 ir siel\u0105. Ruo\u0161iama su pienu. \u0160iai arbatai pagaminti naudojami tik ypatingai kokybi\u0161ki prieskoniai bei arbata.<\/p>\n","protected":false},"featured_media":806,"template":"","meta":{"_acf_changed":false},"product_brand":[],"product_cat":[8],"product_tag":[46,17,48,45,49,50,47],"class_list":{"0":"post-260","1":"product","2":"type-product","3":"status-publish","4":"has-post-thumbnail","6":"product_cat-arbata","7":"product_tag-ajurvedine","8":"product_tag-arbata","9":"product_tag-arbata-su-pienu","10":"product_tag-chai","11":"product_tag-pipirai","12":"product_tag-prieskoniai","13":"product_tag-prieskonine-arbata","15":"first","16":"instock","17":"shipping-taxable","18":"purchasable","19":"product-type-simple"},"acf":[],"yoast_head":"<!-- This site is optimized with the Yoast SEO plugin v26.8 - https:\/\/yoast.com\/product\/yoast-seo-wordpress\/ -->\n<title>Prieskonin\u0117 arbata \u201cChaika CHAI\u201d - Kiras<\/title>\n<meta name=\"robots\" content=\"index, follow, max-snippet:-1, max-image-preview:large, max-video-preview:-1\" \/>\n<link rel=\"canonical\" href=\"https:\/\/kiras.lt\/en\/parduotuve\/arbata\/chaika-isskirtine-ranku-darbo-arbata-prieskonine-chai\/\" \/>\n<meta property=\"og:locale\" content=\"en_US\" \/>\n<meta property=\"og:type\" content=\"article\" \/>\n<meta property=\"og:title\" content=\"Prieskonin\u0117 arbata \u201cChaika CHAI\u201d - Kiras\" \/>\n<meta property=\"og:description\" content=\"[:lt]Lengvai a\u0161tri, aromatinga ajurvedin\u0117 arbata, kuri su\u0161ildys j\u016bs\u0173 k\u016bn\u0105 ir siel\u0105.[:en]Lengvai a\u0161tri, aromatinga ajurvedin\u0117 arbata, kuri su\u0161ildys j\u016bs\u0173 k\u016bn\u0105 ir siel\u0105. Ruo\u0161iama su pienu. \u0160iai arbatai pagaminti naudojami tik ypatingai kokybi\u0161ki prieskoniai bei arbata.[:]\" \/>\n<meta property=\"og:url\" content=\"https:\/\/kiras.lt\/en\/parduotuve\/arbata\/chaika-isskirtine-ranku-darbo-arbata-prieskonine-chai\/\" \/>\n<meta property=\"og:site_name\" content=\"Kiras\" \/>\n<meta property=\"article:publisher\" content=\"https:\/\/www.facebook.com\/cafekiras\" \/>\n<meta property=\"article:modified_time\" content=\"2022-05-27T14:30:13+00:00\" \/>\n<meta property=\"og:image\" content=\"https:\/\/kiras.lt\/wp-content\/uploads\/2015\/12\/072-scaled.jpg\" \/>\n\t<meta property=\"og:image:width\" content=\"1707\" \/>\n\t<meta property=\"og:image:height\" content=\"2560\" \/>\n\t<meta property=\"og:image:type\" content=\"image\/jpeg\" \/>\n<meta name=\"twitter:card\" content=\"summary_large_image\" \/>\n<meta name=\"twitter:label1\" content=\"Est. reading time\" \/>\n\t<meta name=\"twitter:data1\" content=\"1 minute\" \/>\n<script type=\"application\/ld+json\" class=\"yoast-schema-graph\">{\"@context\":\"https:\/\/schema.org\",\"@graph\":[{\"@type\":\"WebPage\",\"@id\":\"https:\/\/kiras.lt\/en\/parduotuve\/arbata\/chaika-isskirtine-ranku-darbo-arbata-prieskonine-chai\/\",\"url\":\"https:\/\/kiras.lt\/en\/parduotuve\/arbata\/chaika-isskirtine-ranku-darbo-arbata-prieskonine-chai\/\",\"name\":\"Prieskonin\u0117 arbata \u201cChaika CHAI\u201d - Kiras\",\"isPartOf\":{\"@id\":\"https:\/\/kiras.lt\/#website\"},\"primaryImageOfPage\":{\"@id\":\"https:\/\/kiras.lt\/en\/parduotuve\/arbata\/chaika-isskirtine-ranku-darbo-arbata-prieskonine-chai\/#primaryimage\"},\"image\":{\"@id\":\"https:\/\/kiras.lt\/en\/parduotuve\/arbata\/chaika-isskirtine-ranku-darbo-arbata-prieskonine-chai\/#primaryimage\"},\"thumbnailUrl\":\"https:\/\/kiras.lt\/wp-content\/uploads\/2015\/12\/072-scaled.jpg\",\"datePublished\":\"2015-12-09T17:27:14+00:00\",\"dateModified\":\"2022-05-27T14:30:13+00:00\",\"breadcrumb\":{\"@id\":\"https:\/\/kiras.lt\/en\/parduotuve\/arbata\/chaika-isskirtine-ranku-darbo-arbata-prieskonine-chai\/#breadcrumb\"},\"inLanguage\":\"en-US\",\"potentialAction\":[{\"@type\":\"ReadAction\",\"target\":[\"https:\/\/kiras.lt\/en\/parduotuve\/arbata\/chaika-isskirtine-ranku-darbo-arbata-prieskonine-chai\/\"]}]},{\"@type\":\"ImageObject\",\"inLanguage\":\"en-US\",\"@id\":\"https:\/\/kiras.lt\/en\/parduotuve\/arbata\/chaika-isskirtine-ranku-darbo-arbata-prieskonine-chai\/#primaryimage\",\"url\":\"https:\/\/kiras.lt\/wp-content\/uploads\/2015\/12\/072-scaled.jpg\",\"contentUrl\":\"https:\/\/kiras.lt\/wp-content\/uploads\/2015\/12\/072-scaled.jpg\",\"width\":1707,\"height\":2560},{\"@type\":\"BreadcrumbList\",\"@id\":\"https:\/\/kiras.lt\/en\/parduotuve\/arbata\/chaika-isskirtine-ranku-darbo-arbata-prieskonine-chai\/#breadcrumb\",\"itemListElement\":[{\"@type\":\"ListItem\",\"position\":1,\"name\":\"Titulinis\",\"item\":\"https:\/\/kiras.lt\/\"},{\"@type\":\"ListItem\",\"position\":2,\"name\":\"Parduotuv\u0117\",\"item\":\"https:\/\/kiras.lt\/parduotuve\/\"},{\"@type\":\"ListItem\",\"position\":3,\"name\":\"Prieskonin\u0117 arbata \u201cChaika CHAI\u201d\"}]},{\"@type\":\"WebSite\",\"@id\":\"https:\/\/kiras.lt\/#website\",\"url\":\"https:\/\/kiras.lt\/\",\"name\":\"Kiras\",\"description\":\"Cafe and vegan bakery\",\"publisher\":{\"@id\":\"https:\/\/kiras.lt\/#organization\"},\"alternateName\":\"Kiras - Kavin\u0117s ir vegani\u0161k\u0173 desert\u0173 kepykl\u0117l\u0117s\",\"potentialAction\":[{\"@type\":\"SearchAction\",\"target\":{\"@type\":\"EntryPoint\",\"urlTemplate\":\"https:\/\/kiras.lt\/?s={search_term_string}\"},\"query-input\":{\"@type\":\"PropertyValueSpecification\",\"valueRequired\":true,\"valueName\":\"search_term_string\"}}],\"inLanguage\":\"en-US\"},{\"@type\":\"Organization\",\"@id\":\"https:\/\/kiras.lt\/#organization\",\"name\":\"Kiras\",\"url\":\"https:\/\/kiras.lt\/\",\"logo\":{\"@type\":\"ImageObject\",\"inLanguage\":\"en-US\",\"@id\":\"https:\/\/kiras.lt\/#\/schema\/logo\/image\/\",\"url\":\"https:\/\/kiras.lt\/wp-content\/uploads\/2023\/08\/kiras.lt-logo.jpg\",\"contentUrl\":\"https:\/\/kiras.lt\/wp-content\/uploads\/2023\/08\/kiras.lt-logo.jpg\",\"width\":2555,\"height\":2020,\"caption\":\"Kiras\"},\"image\":{\"@id\":\"https:\/\/kiras.lt\/#\/schema\/logo\/image\/\"},\"sameAs\":[\"https:\/\/www.facebook.com\/cafekiras\",\"https:\/\/www.instagram.com\/kiras.vilnius\/\"]}]}<\/script>\n<!-- \/ Yoast SEO plugin. -->","yoast_head_json":{"title":"Prieskonin\u0117 arbata \u201cChaika CHAI\u201d - Kiras","robots":{"index":"index","follow":"follow","max-snippet":"max-snippet:-1","max-image-preview":"max-image-preview:large","max-video-preview":"max-video-preview:-1"},"canonical":"https:\/\/kiras.lt\/en\/parduotuve\/arbata\/chaika-isskirtine-ranku-darbo-arbata-prieskonine-chai\/","og_locale":"en_US","og_type":"article","og_title":"Prieskonin\u0117 arbata \u201cChaika CHAI\u201d - Kiras","og_description":"[:lt]Lengvai a\u0161tri, aromatinga ajurvedin\u0117 arbata, kuri su\u0161ildys j\u016bs\u0173 k\u016bn\u0105 ir siel\u0105.[:en]Lengvai a\u0161tri, aromatinga ajurvedin\u0117 arbata, kuri su\u0161ildys j\u016bs\u0173 k\u016bn\u0105 ir siel\u0105. Ruo\u0161iama su pienu. \u0160iai arbatai pagaminti naudojami tik ypatingai kokybi\u0161ki prieskoniai bei arbata.[:]","og_url":"https:\/\/kiras.lt\/en\/parduotuve\/arbata\/chaika-isskirtine-ranku-darbo-arbata-prieskonine-chai\/","og_site_name":"Kiras","article_publisher":"https:\/\/www.facebook.com\/cafekiras","article_modified_time":"2022-05-27T14:30:13+00:00","og_image":[{"width":1707,"height":2560,"url":"https:\/\/kiras.lt\/wp-content\/uploads\/2015\/12\/072-scaled.jpg","type":"image\/jpeg"}],"twitter_card":"summary_large_image","twitter_misc":{"Est. reading time":"1 minute"},"schema":{"@context":"https:\/\/schema.org","@graph":[{"@type":"WebPage","@id":"https:\/\/kiras.lt\/en\/parduotuve\/arbata\/chaika-isskirtine-ranku-darbo-arbata-prieskonine-chai\/","url":"https:\/\/kiras.lt\/en\/parduotuve\/arbata\/chaika-isskirtine-ranku-darbo-arbata-prieskonine-chai\/","name":"Prieskonin\u0117 arbata \u201cChaika CHAI\u201d - Kiras","isPartOf":{"@id":"https:\/\/kiras.lt\/#website"},"primaryImageOfPage":{"@id":"https:\/\/kiras.lt\/en\/parduotuve\/arbata\/chaika-isskirtine-ranku-darbo-arbata-prieskonine-chai\/#primaryimage"},"image":{"@id":"https:\/\/kiras.lt\/en\/parduotuve\/arbata\/chaika-isskirtine-ranku-darbo-arbata-prieskonine-chai\/#primaryimage"},"thumbnailUrl":"https:\/\/kiras.lt\/wp-content\/uploads\/2015\/12\/072-scaled.jpg","datePublished":"2015-12-09T17:27:14+00:00","dateModified":"2022-05-27T14:30:13+00:00","breadcrumb":{"@id":"https:\/\/kiras.lt\/en\/parduotuve\/arbata\/chaika-isskirtine-ranku-darbo-arbata-prieskonine-chai\/#breadcrumb"},"inLanguage":"en-US","potentialAction":[{"@type":"ReadAction","target":["https:\/\/kiras.lt\/en\/parduotuve\/arbata\/chaika-isskirtine-ranku-darbo-arbata-prieskonine-chai\/"]}]},{"@type":"ImageObject","inLanguage":"en-US","@id":"https:\/\/kiras.lt\/en\/parduotuve\/arbata\/chaika-isskirtine-ranku-darbo-arbata-prieskonine-chai\/#primaryimage","url":"https:\/\/kiras.lt\/wp-content\/uploads\/2015\/12\/072-scaled.jpg","contentUrl":"https:\/\/kiras.lt\/wp-content\/uploads\/2015\/12\/072-scaled.jpg","width":1707,"height":2560},{"@type":"BreadcrumbList","@id":"https:\/\/kiras.lt\/en\/parduotuve\/arbata\/chaika-isskirtine-ranku-darbo-arbata-prieskonine-chai\/#breadcrumb","itemListElement":[{"@type":"ListItem","position":1,"name":"Titulinis","item":"https:\/\/kiras.lt\/"},{"@type":"ListItem","position":2,"name":"Parduotuv\u0117","item":"https:\/\/kiras.lt\/parduotuve\/"},{"@type":"ListItem","position":3,"name":"Prieskonin\u0117 arbata \u201cChaika CHAI\u201d"}]},{"@type":"WebSite","@id":"https:\/\/kiras.lt\/#website","url":"https:\/\/kiras.lt\/","name":"Kiras","description":"Cafe and vegan bakery","publisher":{"@id":"https:\/\/kiras.lt\/#organization"},"alternateName":"Kiras - Kavin\u0117s ir vegani\u0161k\u0173 desert\u0173 kepykl\u0117l\u0117s","potentialAction":[{"@type":"SearchAction","target":{"@type":"EntryPoint","urlTemplate":"https:\/\/kiras.lt\/?s={search_term_string}"},"query-input":{"@type":"PropertyValueSpecification","valueRequired":true,"valueName":"search_term_string"}}],"inLanguage":"en-US"},{"@type":"Organization","@id":"https:\/\/kiras.lt\/#organization","name":"Kiras","url":"https:\/\/kiras.lt\/","logo":{"@type":"ImageObject","inLanguage":"en-US","@id":"https:\/\/kiras.lt\/#\/schema\/logo\/image\/","url":"https:\/\/kiras.lt\/wp-content\/uploads\/2023\/08\/kiras.lt-logo.jpg","contentUrl":"https:\/\/kiras.lt\/wp-content\/uploads\/2023\/08\/kiras.lt-logo.jpg","width":2555,"height":2020,"caption":"Kiras"},"image":{"@id":"https:\/\/kiras.lt\/#\/schema\/logo\/image\/"},"sameAs":["https:\/\/www.facebook.com\/cafekiras","https:\/\/www.instagram.com\/kiras.vilnius\/"]}]}},"_links":{"self":[{"href":"https:\/\/kiras.lt\/en\/wp-json\/wp\/v2\/product\/260","targetHints":{"allow":["GET"]}}],"collection":[{"href":"https:\/\/kiras.lt\/en\/wp-json\/wp\/v2\/product"}],"about":[{"href":"https:\/\/kiras.lt\/en\/wp-json\/wp\/v2\/types\/product"}],"wp:featuredmedia":[{"embeddable":true,"href":"https:\/\/kiras.lt\/en\/wp-json\/wp\/v2\/media\/806"}],"wp:attachment":[{"href":"https:\/\/kiras.lt\/en\/wp-json\/wp\/v2\/media?parent=260"}],"wp:term":[{"taxonomy":"product_brand","embeddable":true,"href":"https:\/\/kiras.lt\/en\/wp-json\/wp\/v2\/product_brand?post=260"},{"taxonomy":"product_cat","embeddable":true,"href":"https:\/\/kiras.lt\/en\/wp-json\/wp\/v2\/product_cat?post=260"},{"taxonomy":"product_tag","embeddable":true,"href":"https:\/\/kiras.lt\/en\/wp-json\/wp\/v2\/product_tag?post=260"}],"curies":[{"name":"wp","href":"https:\/\/api.w.org\/{rel}","templated":true}]}}