{"id":582,"date":"2016-12-14T15:13:17","date_gmt":"2016-12-14T13:13:17","guid":{"rendered":"http:\/\/kiras.lt\/?post_type=product&#038;p=582"},"modified":"2023-03-08T16:17:22","modified_gmt":"2023-03-08T14:17:22","slug":"mates-arbata-su-saldymedziu","status":"publish","type":"product","link":"https:\/\/kiras.lt\/en\/parduotuve\/arbata\/mates-arbata-su-saldymedziu\/","title":{"rendered":"(Lithuanian) Mat\u0117s arbata su saldymed\u017eiu"},"content":{"rendered":"<p class=\"qtranxs-available-languages-message qtranxs-available-languages-message-en\">Sorry, this entry is only available in <a href=\"https:\/\/kiras.lt\/lt\/wp-json\/wp\/v2\/product\/582\" class=\"qtranxs-available-language-link qtranxs-available-language-link-lt\" title=\"Lithuanian\">Lithuanian<\/a>.<\/p>","protected":false},"excerpt":{"rendered":"<p class=\"qtranxs-available-languages-message qtranxs-available-languages-message-en\">Sorry, this entry is only available in <a href=\"https:\/\/kiras.lt\/lt\/wp-json\/wp\/v2\/product\/582\" class=\"qtranxs-available-language-link qtranxs-available-language-link-lt\" title=\"Lithuanian\">Lithuanian<\/a>.<\/p>\n","protected":false},"featured_media":583,"template":"","meta":{"_acf_changed":false},"product_brand":[],"product_cat":[8],"product_tag":[25,75,73,74,43],"class_list":{"0":"post-582","1":"product","2":"type-product","3":"status-publish","4":"has-post-thumbnail","6":"product_cat-arbata","7":"product_tag-mate","8":"product_tag-mate-su-saldymedziu","9":"product_tag-mates-arbata","10":"product_tag-mates-ir-saldymedzio-arbata","11":"product_tag-saldymedis","13":"first","14":"instock","15":"shipping-taxable","16":"purchasable","17":"product-type-simple"},"acf":[],"yoast_head":"<!-- This site is optimized with the Yoast SEO plugin v26.8 - https:\/\/yoast.com\/product\/yoast-seo-wordpress\/ -->\n<title><\/title>\n<meta name=\"robots\" content=\"index, follow, max-snippet:-1, max-image-preview:large, max-video-preview:-1\" \/>\n<link rel=\"canonical\" href=\"https:\/\/kiras.lt\/parduotuve\/arbata\/mates-arbata-su-saldymedziu\/\" \/>\n<meta property=\"og:locale\" content=\"en_US\" \/>\n<meta property=\"og:type\" content=\"article\" \/>\n<meta property=\"og:title\" content=\"[:lt]Mat\u0117s arbata su saldymed\u017eiu[:] - Kiras\" \/>\n<meta property=\"og:description\" content=\"[:lt]Subtiliai saldi, tonizuojanti arbata, kuri kelia nuotaik\u0105 ir nuteikia dienos darbams.[:]\" \/>\n<meta property=\"og:url\" content=\"https:\/\/kiras.lt\/parduotuve\/arbata\/mates-arbata-su-saldymedziu\/\" \/>\n<meta property=\"og:site_name\" content=\"Kiras\" \/>\n<meta property=\"article:publisher\" content=\"https:\/\/www.facebook.com\/cafekiras\" \/>\n<meta property=\"article:modified_time\" content=\"2023-03-08T14:17:22+00:00\" \/>\n<meta property=\"og:image\" content=\"https:\/\/kiras.lt\/wp-content\/uploads\/2016\/12\/044-scaled.jpg\" \/>\n\t<meta property=\"og:image:width\" content=\"2560\" \/>\n\t<meta property=\"og:image:height\" content=\"1707\" \/>\n\t<meta property=\"og:image:type\" content=\"image\/jpeg\" \/>\n<meta name=\"twitter:card\" content=\"summary_large_image\" \/>\n<script type=\"application\/ld+json\" class=\"yoast-schema-graph\">{\"@context\":\"https:\/\/schema.org\",\"@graph\":[{\"@type\":\"WebPage\",\"@id\":\"https:\/\/kiras.lt\/parduotuve\/arbata\/mates-arbata-su-saldymedziu\/\",\"url\":\"https:\/\/kiras.lt\/parduotuve\/arbata\/mates-arbata-su-saldymedziu\/\",\"name\":\"[:lt]Mat\u0117s arbata su saldymed\u017eiu[:] - Kiras\",\"isPartOf\":{\"@id\":\"https:\/\/kiras.lt\/#website\"},\"primaryImageOfPage\":{\"@id\":\"https:\/\/kiras.lt\/parduotuve\/arbata\/mates-arbata-su-saldymedziu\/#primaryimage\"},\"image\":{\"@id\":\"https:\/\/kiras.lt\/parduotuve\/arbata\/mates-arbata-su-saldymedziu\/#primaryimage\"},\"thumbnailUrl\":\"https:\/\/kiras.lt\/wp-content\/uploads\/2016\/12\/044-scaled.jpg\",\"datePublished\":\"2016-12-14T13:13:17+00:00\",\"dateModified\":\"2023-03-08T14:17:22+00:00\",\"breadcrumb\":{\"@id\":\"https:\/\/kiras.lt\/parduotuve\/arbata\/mates-arbata-su-saldymedziu\/#breadcrumb\"},\"inLanguage\":\"en-US\",\"potentialAction\":[{\"@type\":\"ReadAction\",\"target\":[\"https:\/\/kiras.lt\/parduotuve\/arbata\/mates-arbata-su-saldymedziu\/\"]}]},{\"@type\":\"ImageObject\",\"inLanguage\":\"en-US\",\"@id\":\"https:\/\/kiras.lt\/parduotuve\/arbata\/mates-arbata-su-saldymedziu\/#primaryimage\",\"url\":\"https:\/\/kiras.lt\/wp-content\/uploads\/2016\/12\/044-scaled.jpg\",\"contentUrl\":\"https:\/\/kiras.lt\/wp-content\/uploads\/2016\/12\/044-scaled.jpg\",\"width\":2560,\"height\":1707},{\"@type\":\"BreadcrumbList\",\"@id\":\"https:\/\/kiras.lt\/parduotuve\/arbata\/mates-arbata-su-saldymedziu\/#breadcrumb\",\"itemListElement\":[{\"@type\":\"ListItem\",\"position\":1,\"name\":\"Titulinis\",\"item\":\"https:\/\/kiras.lt\/\"},{\"@type\":\"ListItem\",\"position\":2,\"name\":\"Parduotuv\u0117\",\"item\":\"https:\/\/kiras.lt\/parduotuve\/\"},{\"@type\":\"ListItem\",\"position\":3,\"name\":\"Mat\u0117s arbata su saldymed\u017eiu\"}]},{\"@type\":\"WebSite\",\"@id\":\"https:\/\/kiras.lt\/#website\",\"url\":\"https:\/\/kiras.lt\/\",\"name\":\"Kiras\",\"description\":\"Cafe and vegan bakery\",\"publisher\":{\"@id\":\"https:\/\/kiras.lt\/#organization\"},\"alternateName\":\"Kiras - Kavin\u0117s ir vegani\u0161k\u0173 desert\u0173 kepykl\u0117l\u0117s\",\"potentialAction\":[{\"@type\":\"SearchAction\",\"target\":{\"@type\":\"EntryPoint\",\"urlTemplate\":\"https:\/\/kiras.lt\/?s={search_term_string}\"},\"query-input\":{\"@type\":\"PropertyValueSpecification\",\"valueRequired\":true,\"valueName\":\"search_term_string\"}}],\"inLanguage\":\"en-US\"},{\"@type\":\"Organization\",\"@id\":\"https:\/\/kiras.lt\/#organization\",\"name\":\"Kiras\",\"url\":\"https:\/\/kiras.lt\/\",\"logo\":{\"@type\":\"ImageObject\",\"inLanguage\":\"en-US\",\"@id\":\"https:\/\/kiras.lt\/#\/schema\/logo\/image\/\",\"url\":\"https:\/\/kiras.lt\/wp-content\/uploads\/2023\/08\/kiras.lt-logo.jpg\",\"contentUrl\":\"https:\/\/kiras.lt\/wp-content\/uploads\/2023\/08\/kiras.lt-logo.jpg\",\"width\":2555,\"height\":2020,\"caption\":\"Kiras\"},\"image\":{\"@id\":\"https:\/\/kiras.lt\/#\/schema\/logo\/image\/\"},\"sameAs\":[\"https:\/\/www.facebook.com\/cafekiras\",\"https:\/\/www.instagram.com\/kiras.vilnius\/\"]}]}<\/script>\n<!-- \/ Yoast SEO plugin. -->","yoast_head_json":{"title":"[:lt]Mat\u0117s arbata su saldymed\u017eiu[:] - Kiras","robots":{"index":"index","follow":"follow","max-snippet":"max-snippet:-1","max-image-preview":"max-image-preview:large","max-video-preview":"max-video-preview:-1"},"canonical":"https:\/\/kiras.lt\/parduotuve\/arbata\/mates-arbata-su-saldymedziu\/","og_locale":"en_US","og_type":"article","og_title":"[:lt]Mat\u0117s arbata su saldymed\u017eiu[:] - Kiras","og_description":"[:lt]Subtiliai saldi, tonizuojanti arbata, kuri kelia nuotaik\u0105 ir nuteikia dienos darbams.[:]","og_url":"https:\/\/kiras.lt\/parduotuve\/arbata\/mates-arbata-su-saldymedziu\/","og_site_name":"Kiras","article_publisher":"https:\/\/www.facebook.com\/cafekiras","article_modified_time":"2023-03-08T14:17:22+00:00","og_image":[{"width":2560,"height":1707,"url":"https:\/\/kiras.lt\/wp-content\/uploads\/2016\/12\/044-scaled.jpg","type":"image\/jpeg"}],"twitter_card":"summary_large_image","schema":{"@context":"https:\/\/schema.org","@graph":[{"@type":"WebPage","@id":"https:\/\/kiras.lt\/parduotuve\/arbata\/mates-arbata-su-saldymedziu\/","url":"https:\/\/kiras.lt\/parduotuve\/arbata\/mates-arbata-su-saldymedziu\/","name":"[:lt]Mat\u0117s arbata su saldymed\u017eiu[:] - Kiras","isPartOf":{"@id":"https:\/\/kiras.lt\/#website"},"primaryImageOfPage":{"@id":"https:\/\/kiras.lt\/parduotuve\/arbata\/mates-arbata-su-saldymedziu\/#primaryimage"},"image":{"@id":"https:\/\/kiras.lt\/parduotuve\/arbata\/mates-arbata-su-saldymedziu\/#primaryimage"},"thumbnailUrl":"https:\/\/kiras.lt\/wp-content\/uploads\/2016\/12\/044-scaled.jpg","datePublished":"2016-12-14T13:13:17+00:00","dateModified":"2023-03-08T14:17:22+00:00","breadcrumb":{"@id":"https:\/\/kiras.lt\/parduotuve\/arbata\/mates-arbata-su-saldymedziu\/#breadcrumb"},"inLanguage":"en-US","potentialAction":[{"@type":"ReadAction","target":["https:\/\/kiras.lt\/parduotuve\/arbata\/mates-arbata-su-saldymedziu\/"]}]},{"@type":"ImageObject","inLanguage":"en-US","@id":"https:\/\/kiras.lt\/parduotuve\/arbata\/mates-arbata-su-saldymedziu\/#primaryimage","url":"https:\/\/kiras.lt\/wp-content\/uploads\/2016\/12\/044-scaled.jpg","contentUrl":"https:\/\/kiras.lt\/wp-content\/uploads\/2016\/12\/044-scaled.jpg","width":2560,"height":1707},{"@type":"BreadcrumbList","@id":"https:\/\/kiras.lt\/parduotuve\/arbata\/mates-arbata-su-saldymedziu\/#breadcrumb","itemListElement":[{"@type":"ListItem","position":1,"name":"Titulinis","item":"https:\/\/kiras.lt\/"},{"@type":"ListItem","position":2,"name":"Parduotuv\u0117","item":"https:\/\/kiras.lt\/parduotuve\/"},{"@type":"ListItem","position":3,"name":"Mat\u0117s arbata su saldymed\u017eiu"}]},{"@type":"WebSite","@id":"https:\/\/kiras.lt\/#website","url":"https:\/\/kiras.lt\/","name":"Kiras","description":"Cafe and vegan bakery","publisher":{"@id":"https:\/\/kiras.lt\/#organization"},"alternateName":"Kiras - Kavin\u0117s ir vegani\u0161k\u0173 desert\u0173 kepykl\u0117l\u0117s","potentialAction":[{"@type":"SearchAction","target":{"@type":"EntryPoint","urlTemplate":"https:\/\/kiras.lt\/?s={search_term_string}"},"query-input":{"@type":"PropertyValueSpecification","valueRequired":true,"valueName":"search_term_string"}}],"inLanguage":"en-US"},{"@type":"Organization","@id":"https:\/\/kiras.lt\/#organization","name":"Kiras","url":"https:\/\/kiras.lt\/","logo":{"@type":"ImageObject","inLanguage":"en-US","@id":"https:\/\/kiras.lt\/#\/schema\/logo\/image\/","url":"https:\/\/kiras.lt\/wp-content\/uploads\/2023\/08\/kiras.lt-logo.jpg","contentUrl":"https:\/\/kiras.lt\/wp-content\/uploads\/2023\/08\/kiras.lt-logo.jpg","width":2555,"height":2020,"caption":"Kiras"},"image":{"@id":"https:\/\/kiras.lt\/#\/schema\/logo\/image\/"},"sameAs":["https:\/\/www.facebook.com\/cafekiras","https:\/\/www.instagram.com\/kiras.vilnius\/"]}]}},"_links":{"self":[{"href":"https:\/\/kiras.lt\/en\/wp-json\/wp\/v2\/product\/582","targetHints":{"allow":["GET"]}}],"collection":[{"href":"https:\/\/kiras.lt\/en\/wp-json\/wp\/v2\/product"}],"about":[{"href":"https:\/\/kiras.lt\/en\/wp-json\/wp\/v2\/types\/product"}],"wp:featuredmedia":[{"embeddable":true,"href":"https:\/\/kiras.lt\/en\/wp-json\/wp\/v2\/media\/583"}],"wp:attachment":[{"href":"https:\/\/kiras.lt\/en\/wp-json\/wp\/v2\/media?parent=582"}],"wp:term":[{"taxonomy":"product_brand","embeddable":true,"href":"https:\/\/kiras.lt\/en\/wp-json\/wp\/v2\/product_brand?post=582"},{"taxonomy":"product_cat","embeddable":true,"href":"https:\/\/kiras.lt\/en\/wp-json\/wp\/v2\/product_cat?post=582"},{"taxonomy":"product_tag","embeddable":true,"href":"https:\/\/kiras.lt\/en\/wp-json\/wp\/v2\/product_tag?post=582"}],"curies":[{"name":"wp","href":"https:\/\/api.w.org\/{rel}","templated":true}]}}